{"id":311,"date":"2022-01-31T22:46:05","date_gmt":"2022-01-31T22:46:05","guid":{"rendered":"http:\/\/chalecosblindados.com.mx\/?post_type=product&#038;p=311"},"modified":"2023-12-13T03:08:30","modified_gmt":"2023-12-13T03:08:30","slug":"chamarra-blindada-nivel-iiia-modelo-tanar-911-thundercat-color-black","status":"publish","type":"product","link":"https:\/\/chalecosblindados.com.mx\/index.php\/product\/chamarra-blindada-nivel-iiia-modelo-tanar-911-thundercat-color-black\/","title":{"rendered":"THUNDERCAT-911"},"content":{"rendered":"","protected":false},"excerpt":{"rendered":"<p><span data-contrast=\"auto\">Nivel NIJ IIIA<\/span><span data-ccp-props=\"{&quot;201341983&quot;:0,&quot;335559739&quot;:160,&quot;335559740&quot;:259}\">&nbsp;<\/span><\/p>\n<p><strong><span style=\"color: #808080;\">LA CHAMARRA BALI\u0301STICA MA\u0301S EXCLUSIVA DEL MUNDO, UNA ARMADURA PERSONAL A PRUEBA DE BALAS<\/span><\/strong><\/p>\n[expand title=\"TALLAS\"]\n<p><img loading=\"lazy\" class=\"alignnone size-full wp-image-2230\" src=\"https:\/\/chalecosblindados.com.mx\/wp-content\/uploads\/2022\/01\/tallas-3.jpg\" alt=\"\" width=\"1000\" height=\"445\" srcset=\"https:\/\/chalecosblindados.com.mx\/wp-content\/uploads\/2022\/01\/tallas-3.jpg 1000w, https:\/\/chalecosblindados.com.mx\/wp-content\/uploads\/2022\/01\/tallas-3-300x134.jpg 300w, https:\/\/chalecosblindados.com.mx\/wp-content\/uploads\/2022\/01\/tallas-3-768x342.jpg 768w, https:\/\/chalecosblindados.com.mx\/wp-content\/uploads\/2022\/01\/tallas-3-580x258.jpg 580w\" sizes=\"(max-width: 1000px) 100vw, 1000px\" \/><\/p>\n<p>[\/expand]&nbsp; [expand title=\"CARACTER\u00cdSTICAS\"]<\/p>\n<p><img loading=\"lazy\" class=\"size-full wp-image-2214\" src=\"https:\/\/chalecosblindados.com.mx\/wp-content\/uploads\/2022\/01\/caracteristicas-3.jpg\" alt=\"Caracter\u00edsticas\" width=\"1020\" height=\"1336\" srcset=\"https:\/\/chalecosblindados.com.mx\/wp-content\/uploads\/2022\/01\/caracteristicas-3.jpg 1020w, https:\/\/chalecosblindados.com.mx\/wp-content\/uploads\/2022\/01\/caracteristicas-3-229x300.jpg 229w, https:\/\/chalecosblindados.com.mx\/wp-content\/uploads\/2022\/01\/caracteristicas-3-782x1024.jpg 782w, https:\/\/chalecosblindados.com.mx\/wp-content\/uploads\/2022\/01\/caracteristicas-3-768x1006.jpg 768w, https:\/\/chalecosblindados.com.mx\/wp-content\/uploads\/2022\/01\/caracteristicas-3-580x760.jpg 580w\" sizes=\"(max-width: 1020px) 100vw, 1020px\" \/><\/p>\n<p><img loading=\"lazy\" class=\"size-full wp-image-2215\" src=\"https:\/\/chalecosblindados.com.mx\/wp-content\/uploads\/2022\/01\/caracteristicas1-3.jpg\" alt=\"Caracter\u00edsticas\" width=\"1020\" height=\"1336\" srcset=\"https:\/\/chalecosblindados.com.mx\/wp-content\/uploads\/2022\/01\/caracteristicas1-3.jpg 1020w, https:\/\/chalecosblindados.com.mx\/wp-content\/uploads\/2022\/01\/caracteristicas1-3-229x300.jpg 229w, https:\/\/chalecosblindados.com.mx\/wp-content\/uploads\/2022\/01\/caracteristicas1-3-782x1024.jpg 782w, https:\/\/chalecosblindados.com.mx\/wp-content\/uploads\/2022\/01\/caracteristicas1-3-768x1006.jpg 768w, https:\/\/chalecosblindados.com.mx\/wp-content\/uploads\/2022\/01\/caracteristicas1-3-580x760.jpg 580w\" sizes=\"(max-width: 1020px) 100vw, 1020px\" \/><\/p>\n<p><img loading=\"lazy\" class=\"size-full wp-image-2216\" src=\"https:\/\/chalecosblindados.com.mx\/wp-content\/uploads\/2022\/01\/caracteristicas2-3.jpg\" alt=\"Caracter\u00edsticas\" width=\"1020\" height=\"1336\" srcset=\"https:\/\/chalecosblindados.com.mx\/wp-content\/uploads\/2022\/01\/caracteristicas2-3.jpg 1020w, https:\/\/chalecosblindados.com.mx\/wp-content\/uploads\/2022\/01\/caracteristicas2-3-229x300.jpg 229w, https:\/\/chalecosblindados.com.mx\/wp-content\/uploads\/2022\/01\/caracteristicas2-3-782x1024.jpg 782w, https:\/\/chalecosblindados.com.mx\/wp-content\/uploads\/2022\/01\/caracteristicas2-3-768x1006.jpg 768w, https:\/\/chalecosblindados.com.mx\/wp-content\/uploads\/2022\/01\/caracteristicas2-3-580x760.jpg 580w\" sizes=\"(max-width: 1020px) 100vw, 1020px\" \/><\/p>\n<p>[\/expand]<br \/>\n[expand title=\"TECNOLOG\u00cdA DE ESTE PRODUCTO\"]<\/p>\n<p><b><span data-contrast=\"none\">Protecci\u00f3n Bal\u00edstica<\/span><\/b><span data-contrast=\"none\"> de amplia cobertura de <\/span><b><span data-contrast=\"none\">ORGANOS VITALES \/ COLUMNA VERTEBRAL<\/span><\/b><span data-contrast=\"none\"> dentro de la caja tor\u00e1cica.<\/span><\/p>\n<ul>\n<li data-leveltext=\"\uf0b7\" data-font=\"Symbol\" data-listid=\"3\" data-list-defn-props=\"{&quot;335552541&quot;:1,&quot;335559684&quot;:-2,&quot;335559685&quot;:1440,&quot;335559991&quot;:360,&quot;469769226&quot;:&quot;Symbol&quot;,&quot;469769242&quot;:[8226],&quot;469777803&quot;:&quot;left&quot;,&quot;469777804&quot;:&quot;\uf0b7&quot;,&quot;469777815&quot;:&quot;hybridMultilevel&quot;}\" aria-setsize=\"-1\" data-aria-posinset=\"1\" data-aria-level=\"1\"><b><span data-contrast=\"none\">Paneles bal\u00edsticos H\u00edbridos<\/span><\/b><span data-contrast=\"none\"> con Blindaje Ultraliviano.<\/span><\/li>\n<li data-leveltext=\"\uf0b7\" data-font=\"Symbol\" data-listid=\"3\" data-list-defn-props=\"{&quot;335552541&quot;:1,&quot;335559684&quot;:-2,&quot;335559685&quot;:1440,&quot;335559991&quot;:360,&quot;469769226&quot;:&quot;Symbol&quot;,&quot;469769242&quot;:[8226],&quot;469777803&quot;:&quot;left&quot;,&quot;469777804&quot;:&quot;\uf0b7&quot;,&quot;469777815&quot;:&quot;hybridMultilevel&quot;}\" aria-setsize=\"-1\" data-aria-posinset=\"1\" data-aria-level=\"1\"><b style=\"font-size: 1.125rem;\"><span data-contrast=\"none\">Protecci\u00f3n Bal\u00edstica<\/span><\/b> <b style=\"font-size: 1.125rem;\"><span data-contrast=\"none\">NIJ-IIIA<\/span><\/b><span style=\"font-size: 1.125rem;\" data-contrast=\"none\"> contra Armas Cortas calibres <\/span>9 mm FMJ RN \/ .40 S&amp;W FMJ \/ .357 Magnum. JSP &amp; SIG FMJ FN \/ .44 Magnum. JHP.<\/li>\n<li data-leveltext=\"\uf0b7\" data-font=\"Symbol\" data-listid=\"3\" data-list-defn-props=\"{&quot;335552541&quot;:1,&quot;335559684&quot;:-2,&quot;335559685&quot;:1440,&quot;335559991&quot;:360,&quot;469769226&quot;:&quot;Symbol&quot;,&quot;469769242&quot;:[8226],&quot;469777803&quot;:&quot;left&quot;,&quot;469777804&quot;:&quot;\uf0b7&quot;,&quot;469777815&quot;:&quot;hybridMultilevel&quot;}\" aria-setsize=\"-1\" data-aria-posinset=\"1\" data-aria-level=\"1\"><b style=\"font-size: 1.125rem;\"><span data-contrast=\"none\">Sistema Anti-Trauma<\/span><\/b><span style=\"font-size: 1.125rem;\" data-contrast=\"none\"> que reduce dram\u00e1ticamente las lesiones internas producidas por el golpe de la bala detenida.<\/span><\/li>\n<li data-leveltext=\"\uf0b7\" data-font=\"Symbol\" data-listid=\"3\" data-list-defn-props=\"{&quot;335552541&quot;:1,&quot;335559684&quot;:-2,&quot;335559685&quot;:1440,&quot;335559991&quot;:360,&quot;469769226&quot;:&quot;Symbol&quot;,&quot;469769242&quot;:[8226],&quot;469777803&quot;:&quot;left&quot;,&quot;469777804&quot;:&quot;\uf0b7&quot;,&quot;469777815&quot;:&quot;hybridMultilevel&quot;}\" aria-setsize=\"-1\" data-aria-posinset=\"1\" data-aria-level=\"1\"><b style=\"font-size: 1.125rem;\"><span data-contrast=\"none\">Paneles Bal\u00edsticos<\/span><\/b><span style=\"font-size: 1.125rem;\" data-contrast=\"none\"> Fabricados con una combinaci\u00f3n de fibras multifuncionales perfectamente entrelazadas, adhesivos bal\u00edsticos no newtonianos y tecnolog\u00eda de pol\u00edmeros para convertir m\u00faltiples materiales bal\u00edsticos en un solo sistema.<\/span><\/li>\n<li data-leveltext=\"\uf0b7\" data-font=\"Symbol\" data-listid=\"3\" data-list-defn-props=\"{&quot;335552541&quot;:1,&quot;335559684&quot;:-2,&quot;335559685&quot;:1440,&quot;335559991&quot;:360,&quot;469769226&quot;:&quot;Symbol&quot;,&quot;469769242&quot;:[8226],&quot;469777803&quot;:&quot;left&quot;,&quot;469777804&quot;:&quot;\uf0b7&quot;,&quot;469777815&quot;:&quot;hybridMultilevel&quot;}\" aria-setsize=\"-1\" data-aria-posinset=\"1\" data-aria-level=\"1\"><b style=\"font-size: 1.125rem;\"><span data-contrast=\"none\">Paneles blindados suaves unidos sin costuras<\/span><\/b><span style=\"font-size: 1.125rem;\" data-contrast=\"none\">, fijados con adhesivos bal\u00edsticos para mantener la integridad de los materiales tejidos y mejorar el rendimiento bal\u00edstico de millones de fibras que act\u00faan como una sola en lugar de actuar de forma independiente.<\/span><\/li>\n<li data-leveltext=\"\uf0b7\" data-font=\"Symbol\" data-listid=\"3\" data-list-defn-props=\"{&quot;335552541&quot;:1,&quot;335559684&quot;:-2,&quot;335559685&quot;:1440,&quot;335559991&quot;:360,&quot;469769226&quot;:&quot;Symbol&quot;,&quot;469769242&quot;:[8226],&quot;469777803&quot;:&quot;left&quot;,&quot;469777804&quot;:&quot;\uf0b7&quot;,&quot;469777815&quot;:&quot;hybridMultilevel&quot;}\" aria-setsize=\"-1\" data-aria-posinset=\"1\" data-aria-level=\"1\"><b style=\"font-size: 1.125rem;\"><span data-contrast=\"none\">Sistema patentado para liberar la presi\u00f3n<\/span><\/b><span style=\"font-size: 1.125rem;\" data-contrast=\"none\"> generada por los impactos de bala y que revienta los sistemas de blindaje personal. Mejora la integridad del sistema antibalas y sus paneles bal\u00edsticos para resistir disparos posteriores.<\/span><\/li>\n<li data-leveltext=\"\uf0b7\" data-font=\"Symbol\" data-listid=\"3\" data-list-defn-props=\"{&quot;335552541&quot;:1,&quot;335559684&quot;:-2,&quot;335559685&quot;:1440,&quot;335559991&quot;:360,&quot;469769226&quot;:&quot;Symbol&quot;,&quot;469769242&quot;:[8226],&quot;469777803&quot;:&quot;left&quot;,&quot;469777804&quot;:&quot;\uf0b7&quot;,&quot;469777815&quot;:&quot;hybridMultilevel&quot;}\" aria-setsize=\"-1\" data-aria-posinset=\"1\" data-aria-level=\"1\"><b style=\"font-size: 1.125rem;\"><span data-contrast=\"none\">Empacada al alto vac\u00edo<\/span><\/b><span style=\"font-size: 1.125rem;\" data-contrast=\"none\"> al momento de su fabricaci\u00f3n para detener la degradaci\u00f3n de los materiales bal\u00edsticos con periodo de caducidad que comienza cuando el empaque es abierto.<\/span><\/li>\n<li data-leveltext=\"\uf0b7\" data-font=\"Symbol\" data-listid=\"3\" data-list-defn-props=\"{&quot;335552541&quot;:1,&quot;335559684&quot;:-2,&quot;335559685&quot;:1440,&quot;335559991&quot;:360,&quot;469769226&quot;:&quot;Symbol&quot;,&quot;469769242&quot;:[8226],&quot;469777803&quot;:&quot;left&quot;,&quot;469777804&quot;:&quot;\uf0b7&quot;,&quot;469777815&quot;:&quot;hybridMultilevel&quot;}\" aria-setsize=\"-1\" data-aria-posinset=\"1\" data-aria-level=\"1\"><b style=\"font-size: 1.125rem;\"><span data-contrast=\"none\">Se ajusta ergon\u00f3micamente<\/span><\/b><span style=\"font-size: 1.125rem;\" data-contrast=\"none\"> a todo tipo de cuerpos, sin importar el peso o altura de la persona.<\/span><\/li>\n<li data-leveltext=\"\uf0b7\" data-font=\"Symbol\" data-listid=\"3\" data-list-defn-props=\"{&quot;335552541&quot;:1,&quot;335559684&quot;:-2,&quot;335559685&quot;:1440,&quot;335559991&quot;:360,&quot;469769226&quot;:&quot;Symbol&quot;,&quot;469769242&quot;:[8226],&quot;469777803&quot;:&quot;left&quot;,&quot;469777804&quot;:&quot;\uf0b7&quot;,&quot;469777815&quot;:&quot;hybridMultilevel&quot;}\" aria-setsize=\"-1\" data-aria-posinset=\"1\" data-aria-level=\"1\"><b style=\"font-size: 1.125rem;\"><span data-contrast=\"none\">Chaleco interno con blindaje separable<\/span><\/b><span style=\"font-size: 1.125rem;\" data-contrast=\"none\"> para facilitar su lavado y transportaci\u00f3n.<\/span><\/li>\n<\/ul>\n<p><span data-contrast=\"none\">PANEL BALISTICO DE OTROS FABRICANTES FUSIONADO CON COSTURAS<\/span><\/p>\n<p><img loading=\"lazy\" class=\"alignnone size-full wp-image-447\" src=\"https:\/\/chalecosblindados.com.mx\/wp-content\/uploads\/2022\/01\/Panel-costura-03-Web.jpg\" alt=\"\" width=\"1000\" height=\"667\" srcset=\"https:\/\/chalecosblindados.com.mx\/wp-content\/uploads\/2022\/01\/Panel-costura-03-Web.jpg 1000w, https:\/\/chalecosblindados.com.mx\/wp-content\/uploads\/2022\/01\/Panel-costura-03-Web-580x387.jpg 580w, https:\/\/chalecosblindados.com.mx\/wp-content\/uploads\/2022\/01\/Panel-costura-03-Web-300x200.jpg 300w, https:\/\/chalecosblindados.com.mx\/wp-content\/uploads\/2022\/01\/Panel-costura-03-Web-768x512.jpg 768w, https:\/\/chalecosblindados.com.mx\/wp-content\/uploads\/2022\/01\/Panel-costura-03-Web-507x338.jpg 507w\" sizes=\"(max-width: 1000px) 100vw, 1000px\" \/><\/p>\n<p><strong><span class=\"TextRun SCXW58757804 BCX0\" lang=\"ES-MX\" xml:lang=\"ES-MX\" data-contrast=\"none\"><span class=\"NormalTextRun SCXW58757804 BCX0\">PANEL BAL<\/span><span class=\"NormalTextRun SCXW58757804 BCX0\">IS<\/span><span class=\"NormalTextRun SCXW58757804 BCX0\">TICO FUSIONADO SIN PUNTADAS<\/span><\/span><\/strong><span class=\"TextRun SCXW58757804 BCX0\" lang=\"ES-MX\" xml:lang=\"ES-MX\" data-contrast=\"none\"> <span class=\"NormalTextRun SCXW58757804 BCX0\">HECHO CON ADHESIVO BALISTICO PROPIETARIO DE TANUS ARMOR GROUP<\/span><\/span><\/p>\n<p><img loading=\"lazy\" class=\"alignnone size-full wp-image-488\" src=\"https:\/\/chalecosblindados.com.mx\/wp-content\/uploads\/2022\/01\/Panel-sin-costura-03-scaled.jpg\" alt=\"Panel Tanus Armor\" width=\"2560\" height=\"1707\" srcset=\"https:\/\/chalecosblindados.com.mx\/wp-content\/uploads\/2022\/01\/Panel-sin-costura-03-scaled.jpg 2560w, https:\/\/chalecosblindados.com.mx\/wp-content\/uploads\/2022\/01\/Panel-sin-costura-03-scaled-580x387.jpg 580w, https:\/\/chalecosblindados.com.mx\/wp-content\/uploads\/2022\/01\/Panel-sin-costura-03-300x200.jpg 300w, https:\/\/chalecosblindados.com.mx\/wp-content\/uploads\/2022\/01\/Panel-sin-costura-03-1024x683.jpg 1024w, https:\/\/chalecosblindados.com.mx\/wp-content\/uploads\/2022\/01\/Panel-sin-costura-03-768x512.jpg 768w, https:\/\/chalecosblindados.com.mx\/wp-content\/uploads\/2022\/01\/Panel-sin-costura-03-1536x1024.jpg 1536w, https:\/\/chalecosblindados.com.mx\/wp-content\/uploads\/2022\/01\/Panel-sin-costura-03-2048x1365.jpg 2048w, https:\/\/chalecosblindados.com.mx\/wp-content\/uploads\/2022\/01\/Panel-sin-costura-03-507x338.jpg 507w\" sizes=\"(max-width: 2560px) 100vw, 2560px\" \/><br \/>\n[\/expand]<br \/>\n[expand title=\"POL\u00cdTICAS DE VENTA Y ENV\u00cdO\"]<br \/>\n&#8211; <span style=\"color: #2c2c2c;\"><a style=\"color: #2c2c2c;\" href=\"https:\/\/chalecosblindados.com.mx\/index.php\/envios\/\">Env\u00edos<\/a><\/span><br \/>\n&#8211; <span style=\"color: #2c2c2c;\"><a style=\"color: #2c2c2c;\" href=\"https:\/\/chalecosblindados.com.mx\/index.php\/garantia-y-devoluciones\/\">Garant\u00eda y Devoluciones<\/a><\/span><\/p>\n<p>*Las especificaciones t\u00e9cnicas de este producto pueden variar por mejoras y cambios en su dise\u00f1o<br \/>\n[\/expand]<\/p>\n[video width=\"340px\" height=\"auto\" autoplay=\"true\" mp4=\"https:\/\/chalecosblindados.com.mx\/wp-content\/uploads\/2022\/06\/Gif-Thundercat-ESP-2.mp4\"][\/video]\n<p><span style=\"color: #ffe133;\"><a class=\"fasc-button fasc-size-medium fasc-type-flat fasc-ico-before dashicons-format-aside fasc-style-bold\" style=\"background-color: #ffd000; color: #474747;\" target=\"_blank\" rel=\"noopener\" href=\"https:\/\/chalecosblindados.com.mx\/wp-content\/uploads\/2023\/11\/Thundercat-911-Armored-Jacket-Technical-Sheet.pdf\">DESCARGAR FICHA T\u00c9CNICA<\/a><\/span><\/p>\n<p><span style=\"color: #ffe133;\"><a class=\"fasc-button fasc-size-medium fasc-type-flat fasc-ico-before dashicons-format-aside fasc-style-bold\" style=\"background-color: #ffd000; color: #474747;\" target=\"_blank\" rel=\"noopener\" href=\"https:\/\/chalecosblindados.com.mx\/wp-content\/uploads\/2023\/11\/Thundercat-911-Armored-Jacket-User-Manual.pdf\">DESCARGAR MANUAL DE USUARIO<\/a><\/span><\/p>\n<p><span style=\"color: #ffe133;\"><a class=\"fasc-button fasc-size-medium fasc-type-flat fasc-style-bold\" style=\"background-color: #ffd000; color: #474747;\" target=\"_blank\" rel=\"noopener\" href=\"https:\/\/chalecosblindados.com.mx\/index.php\/mayoreo\/\">INFORMACI\u00d3N Y VENTAS MAYOREO<\/a><\/span> &hellip; <a href=\"https:\/\/chalecosblindados.com.mx\/index.php\/product\/chamarra-blindada-nivel-iiia-modelo-tanar-911-thundercat-color-black\/\" class=\"more-link\">Continue reading<span class=\"screen-reader-text\">THUNDERCAT-911<\/span><\/a><\/p>\n","protected":false},"featured_media":312,"template":"","meta":[],"product_cat":[22],"product_tag":[],"_links":{"self":[{"href":"https:\/\/chalecosblindados.com.mx\/index.php\/wp-json\/wp\/v2\/product\/311"}],"collection":[{"href":"https:\/\/chalecosblindados.com.mx\/index.php\/wp-json\/wp\/v2\/product"}],"about":[{"href":"https:\/\/chalecosblindados.com.mx\/index.php\/wp-json\/wp\/v2\/types\/product"}],"wp:featuredmedia":[{"embeddable":true,"href":"https:\/\/chalecosblindados.com.mx\/index.php\/wp-json\/wp\/v2\/media\/312"}],"wp:attachment":[{"href":"https:\/\/chalecosblindados.com.mx\/index.php\/wp-json\/wp\/v2\/media?parent=311"}],"wp:term":[{"taxonomy":"product_cat","embeddable":true,"href":"https:\/\/chalecosblindados.com.mx\/index.php\/wp-json\/wp\/v2\/product_cat?post=311"},{"taxonomy":"product_tag","embeddable":true,"href":"https:\/\/chalecosblindados.com.mx\/index.php\/wp-json\/wp\/v2\/product_tag?post=311"}],"curies":[{"name":"wp","href":"https:\/\/api.w.org\/{rel}","templated":true}]}}