{"id":276,"date":"2022-01-28T02:29:19","date_gmt":"2022-01-28T02:29:19","guid":{"rendered":"http:\/\/chalecosblindados.com.mx\/?post_type=product&#038;p=276"},"modified":"2023-12-13T03:10:57","modified_gmt":"2023-12-13T03:10:57","slug":"bulletproof-armored-shirt-nij-iii-a","status":"publish","type":"product","link":"https:\/\/chalecosblindados.com.mx\/index.php\/product\/bulletproof-armored-shirt-nij-iii-a\/","title":{"rendered":"ARMOR T-SHIRT 5.0"},"content":{"rendered":"<div style=\"width: 880px;\" class=\"wp-video\"><!--[if lt IE 9]><script>document.createElement('video');<\/script><![endif]-->\n<video class=\"wp-video-shortcode\" id=\"video-276-1\" width=\"880\" height=\"495\" loop=\"1\" autoplay=\"1\" preload=\"metadata\" controls=\"controls\"><source type=\"video\/mp4\" src=\"https:\/\/chalecosblindados.com.mx\/wp-content\/uploads\/2022\/01\/Gif-Playera-ING-1.mp4?_=1\" \/><a href=\"https:\/\/chalecosblindados.com.mx\/wp-content\/uploads\/2022\/01\/Gif-Playera-ING-1.mp4\">https:\/\/chalecosblindados.com.mx\/wp-content\/uploads\/2022\/01\/Gif-Playera-ING-1.mp4<\/a><\/video><\/div>\n","protected":false},"excerpt":{"rendered":"<p>Nivel NIJ IIIA<\/p>\n<p><strong><span style=\"color: #808080;\">LA PLAYERA BALI\u0301STICA MA\u0301S EXCLUSIVA DEL MUNDO, UTILIZADA POR DIGNATARIOS Y CASAS REALES<\/span><\/strong><\/p>\n[expand title=\"TALLAS\"]\n<p><img loading=\"lazy\" class=\"size-full wp-image-2109\" src=\"https:\/\/chalecosblindados.com.mx\/wp-content\/uploads\/2022\/01\/tallas-2.jpg\" alt=\"Tallas\" width=\"1000\" height=\"670\" srcset=\"https:\/\/chalecosblindados.com.mx\/wp-content\/uploads\/2022\/01\/tallas-2.jpg 1000w, https:\/\/chalecosblindados.com.mx\/wp-content\/uploads\/2022\/01\/tallas-2-300x201.jpg 300w, https:\/\/chalecosblindados.com.mx\/wp-content\/uploads\/2022\/01\/tallas-2-768x515.jpg 768w, https:\/\/chalecosblindados.com.mx\/wp-content\/uploads\/2022\/01\/tallas-2-580x389.jpg 580w\" sizes=\"(max-width: 1000px) 100vw, 1000px\" \/><\/p>\n<p>[\/expand]&nbsp; [expand title=\"CARACTER\u00cdSTICAS\"]<\/p>\n<ul>\n<li><img loading=\"lazy\" class=\"size-full wp-image-2093\" src=\"https:\/\/chalecosblindados.com.mx\/wp-content\/uploads\/2022\/01\/Caracteristicas-1.jpg\" alt=\"Caracter\u00edsticas\" width=\"1020\" height=\"1285\" srcset=\"https:\/\/chalecosblindados.com.mx\/wp-content\/uploads\/2022\/01\/Caracteristicas-1.jpg 1020w, https:\/\/chalecosblindados.com.mx\/wp-content\/uploads\/2022\/01\/Caracteristicas-1-238x300.jpg 238w, https:\/\/chalecosblindados.com.mx\/wp-content\/uploads\/2022\/01\/Caracteristicas-1-813x1024.jpg 813w, https:\/\/chalecosblindados.com.mx\/wp-content\/uploads\/2022\/01\/Caracteristicas-1-768x968.jpg 768w, https:\/\/chalecosblindados.com.mx\/wp-content\/uploads\/2022\/01\/Caracteristicas-1-580x731.jpg 580w\" sizes=\"(max-width: 1020px) 100vw, 1020px\" \/><img loading=\"lazy\" class=\"size-full wp-image-2094\" src=\"https:\/\/chalecosblindados.com.mx\/wp-content\/uploads\/2022\/01\/Caracteristicas1-1.jpg\" alt=\"Caracter\u00edsticas\" width=\"1020\" height=\"1285\" srcset=\"https:\/\/chalecosblindados.com.mx\/wp-content\/uploads\/2022\/01\/Caracteristicas1-1.jpg 1020w, https:\/\/chalecosblindados.com.mx\/wp-content\/uploads\/2022\/01\/Caracteristicas1-1-238x300.jpg 238w, https:\/\/chalecosblindados.com.mx\/wp-content\/uploads\/2022\/01\/Caracteristicas1-1-813x1024.jpg 813w, https:\/\/chalecosblindados.com.mx\/wp-content\/uploads\/2022\/01\/Caracteristicas1-1-768x968.jpg 768w, https:\/\/chalecosblindados.com.mx\/wp-content\/uploads\/2022\/01\/Caracteristicas1-1-580x731.jpg 580w\" sizes=\"(max-width: 1020px) 100vw, 1020px\" \/><img loading=\"lazy\" class=\"size-full wp-image-2095\" src=\"https:\/\/chalecosblindados.com.mx\/wp-content\/uploads\/2022\/01\/Caracteristicas2-1.jpg\" alt=\"Caracter\u00edsticas\" width=\"1020\" height=\"1285\" srcset=\"https:\/\/chalecosblindados.com.mx\/wp-content\/uploads\/2022\/01\/Caracteristicas2-1.jpg 1020w, https:\/\/chalecosblindados.com.mx\/wp-content\/uploads\/2022\/01\/Caracteristicas2-1-238x300.jpg 238w, https:\/\/chalecosblindados.com.mx\/wp-content\/uploads\/2022\/01\/Caracteristicas2-1-813x1024.jpg 813w, https:\/\/chalecosblindados.com.mx\/wp-content\/uploads\/2022\/01\/Caracteristicas2-1-768x968.jpg 768w, https:\/\/chalecosblindados.com.mx\/wp-content\/uploads\/2022\/01\/Caracteristicas2-1-580x731.jpg 580w\" sizes=\"(max-width: 1020px) 100vw, 1020px\" \/><img loading=\"lazy\" class=\"size-full wp-image-2096\" src=\"https:\/\/chalecosblindados.com.mx\/wp-content\/uploads\/2022\/01\/Caracteristicas3-1.jpg\" alt=\"Caracter\u00edsticas\" width=\"1020\" height=\"1285\" srcset=\"https:\/\/chalecosblindados.com.mx\/wp-content\/uploads\/2022\/01\/Caracteristicas3-1.jpg 1020w, https:\/\/chalecosblindados.com.mx\/wp-content\/uploads\/2022\/01\/Caracteristicas3-1-238x300.jpg 238w, https:\/\/chalecosblindados.com.mx\/wp-content\/uploads\/2022\/01\/Caracteristicas3-1-813x1024.jpg 813w, https:\/\/chalecosblindados.com.mx\/wp-content\/uploads\/2022\/01\/Caracteristicas3-1-768x968.jpg 768w, https:\/\/chalecosblindados.com.mx\/wp-content\/uploads\/2022\/01\/Caracteristicas3-1-580x731.jpg 580w\" sizes=\"(max-width: 1020px) 100vw, 1020px\" \/><\/li>\n<\/ul>\n<p>[\/expand]<br \/>\n[expand title=\"TECNOLOG\u00cdA DE ESTE PRODUCTO\"]<\/p>\n<p><b><span data-contrast=\"none\">Protecci\u00f3n Bal\u00edstica<\/span><\/b><span data-contrast=\"none\"> de amplia cobertura de <\/span><b><span data-contrast=\"none\">ORGANOS VITALES \/ COLUMNA VERTEBRAL<\/span><\/b><span data-contrast=\"none\"> dentro de la caja tor\u00e1cica.<\/span><\/p>\n<ul>\n<li data-leveltext=\"\uf0b7\" data-font=\"Symbol\" data-listid=\"3\" data-list-defn-props=\"{&quot;335552541&quot;:1,&quot;335559684&quot;:-2,&quot;335559685&quot;:1440,&quot;335559991&quot;:360,&quot;469769226&quot;:&quot;Symbol&quot;,&quot;469769242&quot;:[8226],&quot;469777803&quot;:&quot;left&quot;,&quot;469777804&quot;:&quot;\uf0b7&quot;,&quot;469777815&quot;:&quot;hybridMultilevel&quot;}\" aria-setsize=\"-1\" data-aria-posinset=\"1\" data-aria-level=\"1\"><b><span data-contrast=\"none\">Paneles bal\u00edsticos H\u00edbridos<\/span><\/b><span data-contrast=\"none\"> con Blindaje Ultraliviano.<\/span><\/li>\n<li data-leveltext=\"\uf0b7\" data-font=\"Symbol\" data-listid=\"3\" data-list-defn-props=\"{&quot;335552541&quot;:1,&quot;335559684&quot;:-2,&quot;335559685&quot;:1440,&quot;335559991&quot;:360,&quot;469769226&quot;:&quot;Symbol&quot;,&quot;469769242&quot;:[8226],&quot;469777803&quot;:&quot;left&quot;,&quot;469777804&quot;:&quot;\uf0b7&quot;,&quot;469777815&quot;:&quot;hybridMultilevel&quot;}\" aria-setsize=\"-1\" data-aria-posinset=\"1\" data-aria-level=\"1\"><b style=\"font-size: 1.125rem;\"><span data-contrast=\"none\">Protecci\u00f3n Bal\u00edstica<\/span><\/b> <b style=\"font-size: 1.125rem;\"><span data-contrast=\"none\">NIJ-IIIA<\/span><\/b><span style=\"font-size: 1.125rem;\" data-contrast=\"none\"> contra Armas Cortas calibres <\/span>9 mm FMJ RN \/ .40 S&amp;W FMJ \/ .357 Magnum. JSP &amp; SIG FMJ FN \/ .44 Magnum. JHP<\/li>\n<li data-leveltext=\"\uf0b7\" data-font=\"Symbol\" data-listid=\"3\" data-list-defn-props=\"{&quot;335552541&quot;:1,&quot;335559684&quot;:-2,&quot;335559685&quot;:1440,&quot;335559991&quot;:360,&quot;469769226&quot;:&quot;Symbol&quot;,&quot;469769242&quot;:[8226],&quot;469777803&quot;:&quot;left&quot;,&quot;469777804&quot;:&quot;\uf0b7&quot;,&quot;469777815&quot;:&quot;hybridMultilevel&quot;}\" aria-setsize=\"-1\" data-aria-posinset=\"1\" data-aria-level=\"1\"><b style=\"font-size: 1.125rem;\"><span data-contrast=\"none\">Sistema Anti-Trauma<\/span><\/b><span style=\"font-size: 1.125rem;\" data-contrast=\"none\"> que reduce dram\u00e1ticamente las lesiones internas producidas por el golpe de la bala detenida.<\/span><\/li>\n<li data-leveltext=\"\uf0b7\" data-font=\"Symbol\" data-listid=\"3\" data-list-defn-props=\"{&quot;335552541&quot;:1,&quot;335559684&quot;:-2,&quot;335559685&quot;:1440,&quot;335559991&quot;:360,&quot;469769226&quot;:&quot;Symbol&quot;,&quot;469769242&quot;:[8226],&quot;469777803&quot;:&quot;left&quot;,&quot;469777804&quot;:&quot;\uf0b7&quot;,&quot;469777815&quot;:&quot;hybridMultilevel&quot;}\" aria-setsize=\"-1\" data-aria-posinset=\"1\" data-aria-level=\"1\"><b style=\"font-size: 1.125rem;\"><span data-contrast=\"none\">Paneles Bal\u00edsticos<\/span><\/b><span style=\"font-size: 1.125rem;\" data-contrast=\"none\"> Fabricados con una combinaci\u00f3n de fibras multifuncionales perfectamente entrelazadas, adhesivos bal\u00edsticos no newtonianos y tecnolog\u00eda de pol\u00edmeros para convertir m\u00faltiples materiales bal\u00edsticos en un solo sistema.<\/span><\/li>\n<li data-leveltext=\"\uf0b7\" data-font=\"Symbol\" data-listid=\"3\" data-list-defn-props=\"{&quot;335552541&quot;:1,&quot;335559684&quot;:-2,&quot;335559685&quot;:1440,&quot;335559991&quot;:360,&quot;469769226&quot;:&quot;Symbol&quot;,&quot;469769242&quot;:[8226],&quot;469777803&quot;:&quot;left&quot;,&quot;469777804&quot;:&quot;\uf0b7&quot;,&quot;469777815&quot;:&quot;hybridMultilevel&quot;}\" aria-setsize=\"-1\" data-aria-posinset=\"1\" data-aria-level=\"1\"><b style=\"font-size: 1.125rem;\"><span data-contrast=\"none\">Paneles blindados suaves unidos sin costuras<\/span><\/b><span style=\"font-size: 1.125rem;\" data-contrast=\"none\">, fijados con adhesivos bal\u00edsticos para mantener la integridad de los materiales tejidos y mejorar el rendimiento bal\u00edstico de millones de fibras que act\u00faan como una sola en lugar de actuar de forma independiente.<\/span><\/li>\n<li data-leveltext=\"\uf0b7\" data-font=\"Symbol\" data-listid=\"3\" data-list-defn-props=\"{&quot;335552541&quot;:1,&quot;335559684&quot;:-2,&quot;335559685&quot;:1440,&quot;335559991&quot;:360,&quot;469769226&quot;:&quot;Symbol&quot;,&quot;469769242&quot;:[8226],&quot;469777803&quot;:&quot;left&quot;,&quot;469777804&quot;:&quot;\uf0b7&quot;,&quot;469777815&quot;:&quot;hybridMultilevel&quot;}\" aria-setsize=\"-1\" data-aria-posinset=\"1\" data-aria-level=\"1\"><b style=\"font-size: 1.125rem;\"><span data-contrast=\"none\">Sistema patentado de tela porosa<\/span><\/b> <b style=\"font-size: 1.125rem;\"><span data-contrast=\"none\">para liberar la presi\u00f3n<\/span><\/b><span style=\"font-size: 1.125rem;\" data-contrast=\"none\"> generada por los impactos de bala y que revienta los sistemas de blindaje personal. Mejora la integridad del sistema antibalas y sus paneles bal\u00edsticos para resistir disparos posteriores.<\/span><\/li>\n<li data-leveltext=\"\uf0b7\" data-font=\"Symbol\" data-listid=\"3\" data-list-defn-props=\"{&quot;335552541&quot;:1,&quot;335559684&quot;:-2,&quot;335559685&quot;:1440,&quot;335559991&quot;:360,&quot;469769226&quot;:&quot;Symbol&quot;,&quot;469769242&quot;:[8226],&quot;469777803&quot;:&quot;left&quot;,&quot;469777804&quot;:&quot;\uf0b7&quot;,&quot;469777815&quot;:&quot;hybridMultilevel&quot;}\" aria-setsize=\"-1\" data-aria-posinset=\"1\" data-aria-level=\"1\"><b style=\"font-size: 1.125rem;\"><span data-contrast=\"none\">Empacada al alto vac\u00edo<\/span><\/b><span style=\"font-size: 1.125rem;\" data-contrast=\"none\"> al momento de su fabricaci\u00f3n para detener la degradaci\u00f3n de los materiales bal\u00edsticos con periodo de caducidad que comienza cuando el empaque es abierto.<\/span><\/li>\n<li data-leveltext=\"\uf0b7\" data-font=\"Symbol\" data-listid=\"3\" data-list-defn-props=\"{&quot;335552541&quot;:1,&quot;335559684&quot;:-2,&quot;335559685&quot;:1440,&quot;335559991&quot;:360,&quot;469769226&quot;:&quot;Symbol&quot;,&quot;469769242&quot;:[8226],&quot;469777803&quot;:&quot;left&quot;,&quot;469777804&quot;:&quot;\uf0b7&quot;,&quot;469777815&quot;:&quot;hybridMultilevel&quot;}\" aria-setsize=\"-1\" data-aria-posinset=\"1\" data-aria-level=\"1\"><b style=\"font-size: 1.125rem;\"><span data-contrast=\"none\">UNITALLA<\/span><\/b><span style=\"font-size: 1.125rem;\" data-contrast=\"none\"> con Sistema de Correas removibles para modificar el Largo y Ancho de la prenda. Se ajusta ergon\u00f3micamente a todo tipo de cuerpos, sin importar el peso o altura de la persona.<\/span><\/li>\n<li data-leveltext=\"\uf0b7\" data-font=\"Symbol\" data-listid=\"3\" data-list-defn-props=\"{&quot;335552541&quot;:1,&quot;335559684&quot;:-2,&quot;335559685&quot;:1440,&quot;335559991&quot;:360,&quot;469769226&quot;:&quot;Symbol&quot;,&quot;469769242&quot;:[8226],&quot;469777803&quot;:&quot;left&quot;,&quot;469777804&quot;:&quot;\uf0b7&quot;,&quot;469777815&quot;:&quot;hybridMultilevel&quot;}\" aria-setsize=\"-1\" data-aria-posinset=\"1\" data-aria-level=\"1\"><b style=\"font-size: 1.125rem;\"><span data-contrast=\"none\">PRENDA LAVABLE<\/span><\/b><span style=\"font-size: 1.125rem;\" data-contrast=\"none\"> Fabricada con material Anti-Bacterias que evita la Impregnaci\u00f3n de olores.<\/span><\/li>\n<li data-leveltext=\"\uf0b7\" data-font=\"Symbol\" data-listid=\"3\" data-list-defn-props=\"{&quot;335552541&quot;:1,&quot;335559684&quot;:-2,&quot;335559685&quot;:1440,&quot;335559991&quot;:360,&quot;469769226&quot;:&quot;Symbol&quot;,&quot;469769242&quot;:[8226],&quot;469777803&quot;:&quot;left&quot;,&quot;469777804&quot;:&quot;\uf0b7&quot;,&quot;469777815&quot;:&quot;hybridMultilevel&quot;}\" aria-setsize=\"-1\" data-aria-posinset=\"1\" data-aria-level=\"1\"><b style=\"font-size: 1.125rem;\"><span data-contrast=\"none\">Dise\u00f1o Anat\u00f3mico<\/span><\/b><span style=\"font-size: 1.125rem;\" data-contrast=\"none\"> que Permite el movimiento natural del cuerpo con m\u00e1xima comodidad<\/span><\/li>\n<\/ul>\n<p><span data-contrast=\"none\">PANEL BALISTICO DE OTROS FABRICANTES FUSIONADO CON COSTURAS<\/span><\/p>\n<p><img loading=\"lazy\" class=\"alignnone size-full wp-image-447\" src=\"https:\/\/chalecosblindados.com.mx\/wp-content\/uploads\/2022\/01\/Panel-costura-03-Web.jpg\" alt=\"\" width=\"1000\" height=\"667\" srcset=\"https:\/\/chalecosblindados.com.mx\/wp-content\/uploads\/2022\/01\/Panel-costura-03-Web.jpg 1000w, https:\/\/chalecosblindados.com.mx\/wp-content\/uploads\/2022\/01\/Panel-costura-03-Web-580x387.jpg 580w, https:\/\/chalecosblindados.com.mx\/wp-content\/uploads\/2022\/01\/Panel-costura-03-Web-300x200.jpg 300w, https:\/\/chalecosblindados.com.mx\/wp-content\/uploads\/2022\/01\/Panel-costura-03-Web-768x512.jpg 768w, https:\/\/chalecosblindados.com.mx\/wp-content\/uploads\/2022\/01\/Panel-costura-03-Web-507x338.jpg 507w\" sizes=\"(max-width: 1000px) 100vw, 1000px\" \/><\/p>\n<p><strong><span class=\"TextRun SCXW38802397 BCX0\" lang=\"ES-MX\" xml:lang=\"ES-MX\" data-contrast=\"none\"><span class=\"NormalTextRun SCXW38802397 BCX0\">PANEL BALISTICO FUSIONADO SIN PUNTADAS<\/span> <\/span><\/strong><span class=\"TextRun SCXW38802397 BCX0\" lang=\"ES-MX\" xml:lang=\"ES-MX\" data-contrast=\"none\"><span class=\"NormalTextRun SCXW38802397 BCX0\">HECHO CON ADHESIVO BALISTICO PROPIETARIO DE TANUS ARMOR GROUP<\/span><\/span><span class=\"EOP SCXW38802397 BCX0\" data-ccp-props=\"{&quot;134233117&quot;:true,&quot;201341983&quot;:2,&quot;335559685&quot;:1035,&quot;335559737&quot;:315,&quot;335559739&quot;:210,&quot;335559740&quot;:285}\">&nbsp;<\/span><\/p>\n<p><img loading=\"lazy\" class=\"alignnone size-full wp-image-488\" src=\"https:\/\/chalecosblindados.com.mx\/wp-content\/uploads\/2022\/01\/Panel-sin-costura-03-scaled.jpg\" alt=\"Panel Tanus Armor\" width=\"2560\" height=\"1707\" srcset=\"https:\/\/chalecosblindados.com.mx\/wp-content\/uploads\/2022\/01\/Panel-sin-costura-03-scaled.jpg 2560w, https:\/\/chalecosblindados.com.mx\/wp-content\/uploads\/2022\/01\/Panel-sin-costura-03-scaled-580x387.jpg 580w, https:\/\/chalecosblindados.com.mx\/wp-content\/uploads\/2022\/01\/Panel-sin-costura-03-300x200.jpg 300w, https:\/\/chalecosblindados.com.mx\/wp-content\/uploads\/2022\/01\/Panel-sin-costura-03-1024x683.jpg 1024w, https:\/\/chalecosblindados.com.mx\/wp-content\/uploads\/2022\/01\/Panel-sin-costura-03-768x512.jpg 768w, https:\/\/chalecosblindados.com.mx\/wp-content\/uploads\/2022\/01\/Panel-sin-costura-03-1536x1024.jpg 1536w, https:\/\/chalecosblindados.com.mx\/wp-content\/uploads\/2022\/01\/Panel-sin-costura-03-2048x1365.jpg 2048w, https:\/\/chalecosblindados.com.mx\/wp-content\/uploads\/2022\/01\/Panel-sin-costura-03-507x338.jpg 507w\" sizes=\"(max-width: 2560px) 100vw, 2560px\" \/><\/p>\n<p>[\/expand]<br \/>\n[expand title=\"POL\u00cdTICAS DE VENTA Y ENV\u00cdO\"]<br \/>\n&#8211; <span style=\"color: #2c2c2c;\"><a style=\"color: #2c2c2c;\" href=\"https:\/\/chalecosblindados.com.mx\/index.php\/envios\/\">Env\u00edos<\/a><\/span><br \/>\n&#8211; <span style=\"color: #2c2c2c;\"><a style=\"color: #2c2c2c;\" href=\"https:\/\/chalecosblindados.com.mx\/index.php\/garantia-y-devoluciones\/\">Garant\u00eda y Devoluciones<\/a><\/span><\/p>\n<p>*Las especificaciones t\u00e9cnicas de este producto pueden variar por mejoras y cambios en su dise\u00f1o<br \/>\n[\/expand]<\/p>\n[video width=\"340px\" height=\"auto\" mp4=\"https:\/\/chalecosblindados.com.mx\/wp-content\/uploads\/2022\/01\/Gif-Playera-ESP-2.mp4\"loop=\"true\" autoplay=\"true\"][\/video]\n<p><span style=\"color: #ffe133;\"><a class=\"fasc-button fasc-size-medium fasc-type-flat fasc-ico-before dashicons-format-aside fasc-style-bold\" style=\"background-color: #ffd000; color: #474747;\" target=\"_blank\" rel=\"noopener\" href=\"https:\/\/chalecosblindados.com.mx\/wp-content\/uploads\/2023\/11\/Armor-T-Shirt-5.0-Technical-Sheet.pdf\">DESCARGAR FICHA T\u00c9CNICA<\/a><\/span><\/p>\n<p><span style=\"color: #ffe133;\"><a class=\"fasc-button fasc-size-medium fasc-type-flat fasc-ico-before dashicons-format-aside fasc-style-bold\" style=\"background-color: #ffd000; color: #474747;\" target=\"_blank\" rel=\"noopener\" href=\"https:\/\/chalecosblindados.com.mx\/wp-content\/uploads\/2023\/11\/Armor-T-Shirt-5.0-User-Manual.pdf\">DESCARGAR MANUAL DE USUARIO<\/a><\/span><\/p>\n<p><span style=\"color: #ffe133;\"><a class=\"fasc-button fasc-size-medium fasc-type-flat fasc-style-bold\" style=\"background-color: #ffd000; color: #474747;\" target=\"_blank\" rel=\"noopener\" href=\"https:\/\/chalecosblindados.com.mx\/index.php\/mayoreo\/\">INFORMACI\u00d3N Y VENTAS MAYOREO<\/a><\/span> &hellip; <a href=\"https:\/\/chalecosblindados.com.mx\/index.php\/product\/bulletproof-armored-shirt-nij-iii-a\/\" class=\"more-link\">Continue reading<span class=\"screen-reader-text\">ARMOR T-SHIRT 5.0<\/span><\/a><\/p>\n","protected":false},"featured_media":277,"template":"","meta":[],"product_cat":[19],"product_tag":[],"_links":{"self":[{"href":"https:\/\/chalecosblindados.com.mx\/index.php\/wp-json\/wp\/v2\/product\/276"}],"collection":[{"href":"https:\/\/chalecosblindados.com.mx\/index.php\/wp-json\/wp\/v2\/product"}],"about":[{"href":"https:\/\/chalecosblindados.com.mx\/index.php\/wp-json\/wp\/v2\/types\/product"}],"wp:featuredmedia":[{"embeddable":true,"href":"https:\/\/chalecosblindados.com.mx\/index.php\/wp-json\/wp\/v2\/media\/277"}],"wp:attachment":[{"href":"https:\/\/chalecosblindados.com.mx\/index.php\/wp-json\/wp\/v2\/media?parent=276"}],"wp:term":[{"taxonomy":"product_cat","embeddable":true,"href":"https:\/\/chalecosblindados.com.mx\/index.php\/wp-json\/wp\/v2\/product_cat?post=276"},{"taxonomy":"product_tag","embeddable":true,"href":"https:\/\/chalecosblindados.com.mx\/index.php\/wp-json\/wp\/v2\/product_tag?post=276"}],"curies":[{"name":"wp","href":"https:\/\/api.w.org\/{rel}","templated":true}]}}