{"id":2027,"date":"2023-11-23T04:48:30","date_gmt":"2023-11-23T04:48:30","guid":{"rendered":"https:\/\/chalecosblindados.com.mx\/?post_type=product&#038;p=2027"},"modified":"2023-12-13T02:55:57","modified_gmt":"2023-12-13T02:55:57","slug":"tanar-ultra-flex-hybrid","status":"publish","type":"product","link":"https:\/\/chalecosblindados.com.mx\/index.php\/product\/tanar-ultra-flex-hybrid\/","title":{"rendered":"TANAR ULTRA-FLEX HYBRID"},"content":{"rendered":"","protected":false},"excerpt":{"rendered":"<p>Nivel NIJ IIIA<\/p>\n<p><strong><span style=\"color: #808080;\">TANAR ULTRA-FLEX HYBRID<\/span><\/strong><\/p>\n[expand title=\"MEDIDAS DISPONIBLES\"]<\/p>\n<p><img loading=\"lazy\" class=\"size-full wp-image-2034 aligncenter\" src=\"https:\/\/chalecosblindados.com.mx\/wp-content\/uploads\/2023\/11\/Tallas.jpg\" alt=\"\" width=\"800\" height=\"586\" srcset=\"https:\/\/chalecosblindados.com.mx\/wp-content\/uploads\/2023\/11\/Tallas.jpg 800w, https:\/\/chalecosblindados.com.mx\/wp-content\/uploads\/2023\/11\/Tallas-300x220.jpg 300w, https:\/\/chalecosblindados.com.mx\/wp-content\/uploads\/2023\/11\/Tallas-768x563.jpg 768w, https:\/\/chalecosblindados.com.mx\/wp-content\/uploads\/2023\/11\/Tallas-580x425.jpg 580w\" sizes=\"(max-width: 800px) 100vw, 800px\" \/><\/p>\n<p>[\/expand]\n[expand title=\"CARACTER\u00cdSTICAS\"]\n<p><img loading=\"lazy\" class=\"size-full wp-image-2032 aligncenter\" src=\"https:\/\/chalecosblindados.com.mx\/wp-content\/uploads\/2023\/11\/Caracteristicas.jpg\" alt=\"\" width=\"1020\" height=\"1298\" srcset=\"https:\/\/chalecosblindados.com.mx\/wp-content\/uploads\/2023\/11\/Caracteristicas.jpg 1020w, https:\/\/chalecosblindados.com.mx\/wp-content\/uploads\/2023\/11\/Caracteristicas-236x300.jpg 236w, https:\/\/chalecosblindados.com.mx\/wp-content\/uploads\/2023\/11\/Caracteristicas-805x1024.jpg 805w, https:\/\/chalecosblindados.com.mx\/wp-content\/uploads\/2023\/11\/Caracteristicas-768x977.jpg 768w, https:\/\/chalecosblindados.com.mx\/wp-content\/uploads\/2023\/11\/Caracteristicas-580x738.jpg 580w\" sizes=\"(max-width: 1020px) 100vw, 1020px\" \/><img loading=\"lazy\" class=\"size-full wp-image-2033 aligncenter\" src=\"https:\/\/chalecosblindados.com.mx\/wp-content\/uploads\/2023\/11\/Caracteristicas2.jpg\" alt=\"\" width=\"1020\" height=\"1203\" srcset=\"https:\/\/chalecosblindados.com.mx\/wp-content\/uploads\/2023\/11\/Caracteristicas2.jpg 1020w, https:\/\/chalecosblindados.com.mx\/wp-content\/uploads\/2023\/11\/Caracteristicas2-254x300.jpg 254w, https:\/\/chalecosblindados.com.mx\/wp-content\/uploads\/2023\/11\/Caracteristicas2-868x1024.jpg 868w, https:\/\/chalecosblindados.com.mx\/wp-content\/uploads\/2023\/11\/Caracteristicas2-768x906.jpg 768w, https:\/\/chalecosblindados.com.mx\/wp-content\/uploads\/2023\/11\/Caracteristicas2-580x684.jpg 580w\" sizes=\"(max-width: 1020px) 100vw, 1020px\" \/><\/p>\n<p>[\/expand]<br \/>\n[expand title=\"TECNOLOG\u00cdA DE ESTE PRODUCTO\"]<\/p>\n<p><b><span data-contrast=\"none\">Un Panel para blindaje de veh\u00edculos m\u00e1s flexible, que no delamina, ni requiere precalentamiento para su instalaci\u00f3n, la mejor opci\u00f3n para garantizar la integridad bal\u00edstica del blindaje de autos de lujo.<\/span><\/b><\/p>\n<ul>\n<li data-leveltext=\"\uf0d8\" data-font=\"Wingdings\" data-listid=\"6\" data-list-defn-props=\"{&quot;335552541&quot;:1,&quot;335559684&quot;:-2,&quot;335559685&quot;:720,&quot;335559991&quot;:360,&quot;469769226&quot;:&quot;Wingdings&quot;,&quot;469769242&quot;:[8226],&quot;469777803&quot;:&quot;left&quot;,&quot;469777804&quot;:&quot;\uf0d8&quot;,&quot;469777815&quot;:&quot;hybridMultilevel&quot;}\" aria-setsize=\"-1\" data-aria-posinset=\"1\" data-aria-level=\"1\"><span data-contrast=\"none\">Ultraliviano<\/span><\/li>\n<\/ul>\n<ul>\n<li data-leveltext=\"\uf0d8\" data-font=\"Wingdings\" data-listid=\"6\" data-list-defn-props=\"{&quot;335552541&quot;:1,&quot;335559684&quot;:-2,&quot;335559685&quot;:720,&quot;335559991&quot;:360,&quot;469769226&quot;:&quot;Wingdings&quot;,&quot;469769242&quot;:[8226],&quot;469777803&quot;:&quot;left&quot;,&quot;469777804&quot;:&quot;\uf0d8&quot;,&quot;469777815&quot;:&quot;hybridMultilevel&quot;}\" aria-setsize=\"-1\" data-aria-posinset=\"2\" data-aria-level=\"1\"><span data-contrast=\"none\">Protecci\u00f3n Bal\u00edstica<\/span> <span data-contrast=\"none\">NIJ-IIIA contra Armas Cortas calibres <\/span>&nbsp;<br \/>\n<b><span data-contrast=\"none\">.380 ACP, 9mm, .357 Magnum, .357 SIG, 40 S&amp;W, .45 Cal Hollow point, 44 Magnum<\/span><\/b><\/li>\n<\/ul>\n<p><span data-contrast=\"none\">Fabricado con una combinaci\u00f3n de fibras multifuncionales perfectamente entrelazadas, adhesivos bal\u00edsticos no newtonianos y tecnolog\u00eda de pol\u00edmeros para convertir m\u00faltiples materiales bal\u00edsticos en un solo sistema.<\/span><\/p>\n<p><span data-contrast=\"none\">Concebido con Tecnolog\u00eda derivada de la Investigaci\u00f3n y desarrollo de Grado Militar: este es el concepto del panel bal\u00edstico TANAR ULTRA-FLEX HYBRID.<\/span><\/p>\n<p><span data-contrast=\"none\">El desarrollo del panel bal\u00edstico TANAR ULTRA-FLEX HYBRID de Tanus Armor Group nace de su investigaci\u00f3n de geles bal\u00edsticos en conjunto con ingenieros militares de la Federaci\u00f3n Rusa. El resultado; paneles bal\u00edsticos suaves, f\u00e1ciles de instalar y con una resistencia bal\u00edstica por encima de los est\u00e1ndares de la industria.<\/span><\/p>\n<p><b><span data-contrast=\"none\">TERMO-REACTIVO<\/span><\/b><\/p>\n<ul>\n<li data-leveltext=\"\uf0d8\" data-font=\"Wingdings\" data-listid=\"4\" data-list-defn-props=\"{&quot;335552541&quot;:1,&quot;335559684&quot;:-2,&quot;335559685&quot;:720,&quot;335559991&quot;:360,&quot;469769226&quot;:&quot;Wingdings&quot;,&quot;469769242&quot;:[8226],&quot;469777803&quot;:&quot;left&quot;,&quot;469777804&quot;:&quot;\uf0d8&quot;,&quot;469777815&quot;:&quot;hybridMultilevel&quot;}\" aria-setsize=\"-1\" data-aria-posinset=\"3\" data-aria-level=\"1\"><span data-contrast=\"none\">Con propiedades reactivas plasto-el\u00e1sticas que mejoran el blindaje.<\/span><span data-ccp-props=\"{&quot;201341983&quot;:0,&quot;335551550&quot;:6,&quot;335551620&quot;:6,&quot;335559739&quot;:0,&quot;335559740&quot;:240}\">&nbsp;<\/span><\/li>\n<li data-leveltext=\"\uf0d8\" data-font=\"Wingdings\" data-listid=\"4\" data-list-defn-props=\"{&quot;335552541&quot;:1,&quot;335559684&quot;:-2,&quot;335559685&quot;:720,&quot;335559991&quot;:360,&quot;469769226&quot;:&quot;Wingdings&quot;,&quot;469769242&quot;:[8226],&quot;469777803&quot;:&quot;left&quot;,&quot;469777804&quot;:&quot;\uf0d8&quot;,&quot;469777815&quot;:&quot;hybridMultilevel&quot;}\" aria-setsize=\"-1\" data-aria-posinset=\"4\" data-aria-level=\"1\"><span data-contrast=\"none\">Paneles hechos con geles bal\u00edsticos no Newtonianos que activan su viscosidad al impacto de la bala.<\/span><span data-ccp-props=\"{&quot;201341983&quot;:0,&quot;335551550&quot;:6,&quot;335551620&quot;:6,&quot;335559739&quot;:0,&quot;335559740&quot;:240}\">&nbsp;<\/span><\/li>\n<li data-leveltext=\"\uf0d8\" data-font=\"Wingdings\" data-listid=\"4\" data-list-defn-props=\"{&quot;335552541&quot;:1,&quot;335559684&quot;:-2,&quot;335559685&quot;:720,&quot;335559991&quot;:360,&quot;469769226&quot;:&quot;Wingdings&quot;,&quot;469769242&quot;:[8226],&quot;469777803&quot;:&quot;left&quot;,&quot;469777804&quot;:&quot;\uf0d8&quot;,&quot;469777815&quot;:&quot;hybridMultilevel&quot;}\" aria-setsize=\"-1\" data-aria-posinset=\"5\" data-aria-level=\"1\"><span data-contrast=\"none\">Mejor Rendimiento elast\u00f3merico contra la tensi\u00f3n perforante de la bala&nbsp;<\/span><span data-ccp-props=\"{&quot;201341983&quot;:0,&quot;335551550&quot;:6,&quot;335551620&quot;:6,&quot;335559739&quot;:0,&quot;335559740&quot;:240}\">&nbsp;<\/span><\/li>\n<li data-leveltext=\"\uf0d8\" data-font=\"Wingdings\" data-listid=\"4\" data-list-defn-props=\"{&quot;335552541&quot;:1,&quot;335559684&quot;:-2,&quot;335559685&quot;:720,&quot;335559991&quot;:360,&quot;469769226&quot;:&quot;Wingdings&quot;,&quot;469769242&quot;:[8226],&quot;469777803&quot;:&quot;left&quot;,&quot;469777804&quot;:&quot;\uf0d8&quot;,&quot;469777815&quot;:&quot;hybridMultilevel&quot;}\" aria-setsize=\"-1\" data-aria-posinset=\"6\" data-aria-level=\"1\"><span data-contrast=\"none\">Cohesi\u00f3n de las capas del panel sin delaminaci\u00f3n significativa al recibir multi-impactos.<\/span><span data-ccp-props=\"{&quot;201341983&quot;:0,&quot;335551550&quot;:6,&quot;335551620&quot;:6,&quot;335559739&quot;:0,&quot;335559740&quot;:240}\">&nbsp;<\/span><\/li>\n<li data-leveltext=\"\uf0d8\" data-font=\"Wingdings\" data-listid=\"4\" data-list-defn-props=\"{&quot;335552541&quot;:1,&quot;335559684&quot;:-2,&quot;335559685&quot;:720,&quot;335559991&quot;:360,&quot;469769226&quot;:&quot;Wingdings&quot;,&quot;469769242&quot;:[8226],&quot;469777803&quot;:&quot;left&quot;,&quot;469777804&quot;:&quot;\uf0d8&quot;,&quot;469777815&quot;:&quot;hybridMultilevel&quot;}\" aria-setsize=\"-1\" data-aria-posinset=\"7\" data-aria-level=\"1\"><span data-contrast=\"none\">Mayor resistencia a disparos m\u00faltiples.<\/span><\/li>\n<\/ul>\n<p><b><span data-contrast=\"none\">NO REQUIERE DE PRECALENTAMIENTO PARA VOLVERSE FLEXIBLE<\/span><\/b><span data-ccp-props=\"{&quot;201341983&quot;:0,&quot;335559739&quot;:0,&quot;335559740&quot;:240}\">&nbsp;<\/span><\/p>\n<ul>\n<li data-leveltext=\"\uf0d8\" data-font=\"Wingdings\" data-listid=\"5\" data-list-defn-props=\"{&quot;335552541&quot;:1,&quot;335559684&quot;:-2,&quot;335559685&quot;:720,&quot;335559991&quot;:360,&quot;469769226&quot;:&quot;Wingdings&quot;,&quot;469769242&quot;:[8226],&quot;469777803&quot;:&quot;left&quot;,&quot;469777804&quot;:&quot;\uf0d8&quot;,&quot;469777815&quot;:&quot;hybridMultilevel&quot;}\" aria-setsize=\"-1\" data-aria-posinset=\"8\" data-aria-level=\"1\"><span data-contrast=\"none\">Mayor agilidad en la instalaci\u00f3n, al no requerir preparaci\u00f3n en hormo.<\/span><span data-ccp-props=\"{&quot;201341983&quot;:0,&quot;335551550&quot;:6,&quot;335551620&quot;:6,&quot;335559739&quot;:0,&quot;335559740&quot;:240}\">&nbsp;<\/span><\/li>\n<li data-leveltext=\"\uf0d8\" data-font=\"Wingdings\" data-listid=\"5\" data-list-defn-props=\"{&quot;335552541&quot;:1,&quot;335559684&quot;:-2,&quot;335559685&quot;:720,&quot;335559991&quot;:360,&quot;469769226&quot;:&quot;Wingdings&quot;,&quot;469769242&quot;:[8226],&quot;469777803&quot;:&quot;left&quot;,&quot;469777804&quot;:&quot;\uf0d8&quot;,&quot;469777815&quot;:&quot;hybridMultilevel&quot;}\" aria-setsize=\"-1\" data-aria-posinset=\"9\" data-aria-level=\"1\"><span data-contrast=\"none\">Facilita la instalaci\u00f3n en superficies con curvas muy complejas sin necesidad de calentarse.<\/span>&nbsp;<\/li>\n<\/ul>\n<p><b><span data-contrast=\"none\">CERO DEGRADACI\u00d3N DE LA ARAMIDA<\/span><\/b><\/p>\n<p><span data-contrast=\"none\">Todos los paneles bal\u00edsticos tradicionales que requieren calentarse para su instalaci\u00f3n sufren de degradaci\u00f3n molecular, existe una vasta literatura publicada con an\u00e1lisis comparativos que muestran que los materiales de Aramida pierden aproximadamente 25% de su resistencia cuando son expuestos al calor moderado.<\/span><\/p>\n<p><b><span data-contrast=\"none\">MATERIAL FLEXIBLE SIN MEMORIA DE RECOGIMIENTO POST INSTALACION<\/span><\/b><\/p>\n<p><span data-contrast=\"none\">Los paneles que requieren de precalentamiento para dar forma a los distintos segmentos del blindaje de un veh\u00edculo tienden a recuperar dureza una vez instalados, provocando, que con el tiempo se contraigan y dejen de ajustar a la perfecci\u00f3n. Al no requerir precalentamiento los paneles TANAR ULTRA-FLEX HYBRID permanecen adheridos al veh\u00edculo durante toda su vida \u00fatil.<\/span><\/p>\n<p><b><span data-contrast=\"none\">CERO DE-LAMINACI\u00d3N DURANTE SU INSTALACI\u00d3N Y TIEMPO DE VIDA \u00daTIL<\/span><\/b><\/p>\n<p><span data-contrast=\"none\">Cero desprendimiento entre las capas del panel, una condici\u00f3n que a menudo aparece con el tiempo y\/o durante la preparaci\u00f3n e instalaci\u00f3n de los segmentos que componen un blindaje.<\/span><\/p>\n<p><span data-contrast=\"none\">Los paneles de blindaje TANAR ULTRA-FLEX HYBRID garantizan cero delaminaci\u00f3n durante su instalaci\u00f3n y tiempo de vida \u00fatil, el gel bal\u00edstico no Newtoniano con el que est\u00e1n fabricados no cambia de estado elast\u00f3merico a l\u00edquido ni tampoco endurece con las condiciones ambientales, evitando, que este cambie su estructura y se separen sus componentes.<\/span><\/p>\n<p><b><span data-contrast=\"none\">BLINDAJE LIBRE DE SONIDOS INCOMODOS DENTRO DEL VEHICULO<\/span><\/b><span data-ccp-props=\"{&quot;201341983&quot;:0,&quot;335559739&quot;:0,&quot;335559740&quot;:240}\">&nbsp;<\/span><\/p>\n<p><span data-contrast=\"none\">Por ser un material bal\u00edstico no r\u00edgido se evita cualquier tipo de sonidos vibratorios y crujidos dentro del veh\u00edculo, por el contrario, contribuye a insonorizar el veh\u00edculo del exterior.<\/span><\/p>\n<p><b><span data-contrast=\"none\">OPTIMO PARA INSTALACION CON GRAPAS, REMACHES Y\/O M\u00c9TODOS DE UNI\u00d3N CON ADHESIVOS<\/span><\/b><span data-ccp-props=\"{&quot;201341983&quot;:0,&quot;335559739&quot;:0,&quot;335559740&quot;:240}\">&nbsp;<\/span><\/p>\n<p><span data-contrast=\"none\">Los paneles de blindaje hibrido automotriz TANAR ULTRA-FLEX HYBRID est\u00e1n dise\u00f1ados para instalarse con m\u00faltiples sistemas de fijaci\u00f3n, permitiendo fijaciones m\u00e1s uniformes y resistentes sobre \u00e1reas de superficie m\u00e1s grandes.<\/span><\/p>\n<p><b><span data-contrast=\"none\">FACIL DE CORTAR<\/span><\/b><span data-ccp-props=\"{&quot;201341983&quot;:0,&quot;335559739&quot;:0,&quot;335559740&quot;:240}\">&nbsp;<\/span><\/p>\n<p><span data-contrast=\"none\">Gracias a su flexibilidad los paneles de blindaje hibrido automotriz TANAR ULTRA-FLEX HYBRID son f\u00e1ciles de cortar incluso; Con cortadoras de cierra o cuchilla para telas obteniendo cortes precisos y sim\u00e9tricos de piezas y sin deshilado en los bordes.<\/span><\/p>\n<p><b><span data-contrast=\"none\">LIGERO Y 10 VECES MAS FUERTE QUE EL ACERO DE PESO SIMILAR<\/span><\/b><\/p>\n<p><b><span data-contrast=\"none\">CERTIFICADO POR EL INSTITUTO DE COOPERACI\u00d3N T\u00c9CNICA MILITAR DE RUSIA<\/span><\/b><span data-ccp-props=\"{&quot;201341983&quot;:0,&quot;335559739&quot;:0,&quot;335559740&quot;:240}\">&nbsp;<\/span><\/p>\n<p><span data-contrast=\"auto\">El SFCMT ruso es un organismo de gobierno que ejerce el control y la supervisi\u00f3n de acuerdo con la legislaci\u00f3n de la Federaci\u00f3n Rusa:<\/span><\/p>\n<p><span data-contrast=\"auto\">Para el cumplimiento de las actividades en el campo de la cooperaci\u00f3n t\u00e9cnico-militar de los \u00f3rganos ejecutivos federales, los \u00f3rganos ejecutivos de las entidades constituyentes de la Federaci\u00f3n Rusa, las organizaciones rusas que han recibido, de la manera prescrita, el derecho a realizar actividades de comercio exterior en relaci\u00f3n con productos militares, organizaciones: desarrolladores y fabricantes de productos militares a los actos legales reglamentarios de la Federaci\u00f3n Rusa y las principales direcciones de la pol\u00edtica estatal en el campo de la cooperaci\u00f3n t\u00e9cnico-militar, los requisitos de la legislaci\u00f3n de la Federaci\u00f3n Rusa sobre control de exportaciones en el suministro de productos militares.<\/span><\/p>\n<p>[\/expand]<br \/>\n[expand title=\"POL\u00cdTICAS DE VENTA Y ENV\u00cdO\"]<br \/>\n&#8211; <span style=\"color: #2c2c2c;\"><a style=\"color: #2c2c2c;\" href=\"https:\/\/chalecosblindados.com.mx\/index.php\/envios\/\">Env\u00edos<\/a><\/span><br \/>\n&#8211; <span style=\"color: #2c2c2c;\"><a style=\"color: #2c2c2c;\" href=\"https:\/\/chalecosblindados.com.mx\/index.php\/garantia-y-devoluciones\/\">Garant\u00eda y Devoluciones<\/a><\/span><\/p>\n<p>*Las especificaciones t\u00e9cnicas de este producto pueden variar por mejoras y cambios en su dise\u00f1o<br \/>\n[\/expand]<\/p>\n<p><span style=\"color: #ffe133;\"><a class=\"fasc-button fasc-size-medium fasc-type-flat fasc-ico-before dashicons-format-aside fasc-style-bold\" style=\"background-color: #ffd000; color: #474747;\" target=\"_blank\" rel=\"noopener\" href=\"https:\/\/chalecosblindados.com.mx\/wp-content\/uploads\/2023\/11\/TANAR-ULTRA-FLEX-SPEC-SHEET.pdf\">DESCARGAR FICHA T\u00c9CNICA<\/a><\/span><\/p>\n<p><span style=\"color: #ffe133;\"><a class=\"fasc-button fasc-size-medium fasc-type-flat fasc-ico-before dashicons-format-aside fasc-style-bold\" style=\"background-color: #ffd000; color: #474747;\" target=\"_blank\" rel=\"noopener\" href=\"https:\/\/chalecosblindados.com.mx\/wp-content\/uploads\/2023\/11\/TANAR-ULTRA-FLEX-HYBRID-User-Manual-Tech-Sheet.pdf\">DESCARGAR MANUAL DE USUARIO<\/a><\/span><\/p>\n<p><span style=\"color: #ffe133;\"><a class=\"fasc-button fasc-size-medium fasc-type-flat fasc-style-bold\" style=\"background-color: #ffd000; color: #474747;\" target=\"_blank\" rel=\"noopener\" href=\"https:\/\/chalecosblindados.com.mx\/index.php\/mayoreo\/\">INFORMACI\u00d3N Y VENTAS MAYOREO<\/a><\/span> &hellip; <a href=\"https:\/\/chalecosblindados.com.mx\/index.php\/product\/tanar-ultra-flex-hybrid\/\" class=\"more-link\">Continue reading<span class=\"screen-reader-text\">TANAR ULTRA-FLEX HYBRID<\/span><\/a><\/p>\n","protected":false},"featured_media":846,"template":"","meta":[],"product_cat":[16],"product_tag":[],"_links":{"self":[{"href":"https:\/\/chalecosblindados.com.mx\/index.php\/wp-json\/wp\/v2\/product\/2027"}],"collection":[{"href":"https:\/\/chalecosblindados.com.mx\/index.php\/wp-json\/wp\/v2\/product"}],"about":[{"href":"https:\/\/chalecosblindados.com.mx\/index.php\/wp-json\/wp\/v2\/types\/product"}],"wp:featuredmedia":[{"embeddable":true,"href":"https:\/\/chalecosblindados.com.mx\/index.php\/wp-json\/wp\/v2\/media\/846"}],"wp:attachment":[{"href":"https:\/\/chalecosblindados.com.mx\/index.php\/wp-json\/wp\/v2\/media?parent=2027"}],"wp:term":[{"taxonomy":"product_cat","embeddable":true,"href":"https:\/\/chalecosblindados.com.mx\/index.php\/wp-json\/wp\/v2\/product_cat?post=2027"},{"taxonomy":"product_tag","embeddable":true,"href":"https:\/\/chalecosblindados.com.mx\/index.php\/wp-json\/wp\/v2\/product_tag?post=2027"}],"curies":[{"name":"wp","href":"https:\/\/api.w.org\/{rel}","templated":true}]}}