{"id":1989,"date":"2023-11-22T02:59:10","date_gmt":"2023-11-22T02:59:10","guid":{"rendered":"https:\/\/chalecosblindados.com.mx\/?post_type=product&#038;p=1989"},"modified":"2023-12-13T02:59:42","modified_gmt":"2023-12-13T02:59:42","slug":"armadura-armadillo","status":"publish","type":"product","link":"https:\/\/chalecosblindados.com.mx\/index.php\/product\/armadura-armadillo\/","title":{"rendered":"ARMADILLO-FB"},"content":{"rendered":"","protected":false},"excerpt":{"rendered":"<p><span data-contrast=\"auto\"><span class=\"TextRun SCXW141448943 BCX0\" lang=\"ES-ES\" xml:lang=\"ES-ES\" data-contrast=\"auto\"><span class=\"NormalTextRun SCXW141448943 BCX0\">ARMADURA CUERPO COMPLETO BLINDADA CONTRA BALAS<\/span><\/span><\/span><\/p>\n<p><span data-contrast=\"auto\">Nivel NIJ IIIA<\/span><\/p>\n[expand title=\"TALLAS\"]<\/p>\n<p><img loading=\"lazy\" class=\"size-full wp-image-2081\" src=\"https:\/\/chalecosblindados.com.mx\/wp-content\/uploads\/2022\/01\/tallas-1.jpg\" alt=\"Tallas\" width=\"1000\" height=\"670\" srcset=\"https:\/\/chalecosblindados.com.mx\/wp-content\/uploads\/2022\/01\/tallas-1.jpg 1000w, https:\/\/chalecosblindados.com.mx\/wp-content\/uploads\/2022\/01\/tallas-1-300x201.jpg 300w, https:\/\/chalecosblindados.com.mx\/wp-content\/uploads\/2022\/01\/tallas-1-768x515.jpg 768w, https:\/\/chalecosblindados.com.mx\/wp-content\/uploads\/2022\/01\/tallas-1-580x389.jpg 580w\" sizes=\"(max-width: 1000px) 100vw, 1000px\" \/><\/p>\n<p>[\/expand]\n[expand title=\"CARACTER\u00cdSTICAS\"]\n<p><img loading=\"lazy\" class=\"alignnone size-full wp-image-1996\" src=\"https:\/\/chalecosblindados.com.mx\/wp-content\/uploads\/2023\/11\/afb1.jpg\" alt=\"\" width=\"1020\" height=\"762\" srcset=\"https:\/\/chalecosblindados.com.mx\/wp-content\/uploads\/2023\/11\/afb1.jpg 1020w, https:\/\/chalecosblindados.com.mx\/wp-content\/uploads\/2023\/11\/afb1-300x224.jpg 300w, https:\/\/chalecosblindados.com.mx\/wp-content\/uploads\/2023\/11\/afb1-768x574.jpg 768w, https:\/\/chalecosblindados.com.mx\/wp-content\/uploads\/2023\/11\/afb1-440x330.jpg 440w, https:\/\/chalecosblindados.com.mx\/wp-content\/uploads\/2023\/11\/afb1-580x433.jpg 580w\" sizes=\"(max-width: 1020px) 100vw, 1020px\" \/><\/p>\n<p><img loading=\"lazy\" class=\"alignnone size-full wp-image-1997\" src=\"https:\/\/chalecosblindados.com.mx\/wp-content\/uploads\/2023\/11\/afb2.jpg\" alt=\"\" width=\"1275\" height=\"1651\" srcset=\"https:\/\/chalecosblindados.com.mx\/wp-content\/uploads\/2023\/11\/afb2.jpg 1275w, https:\/\/chalecosblindados.com.mx\/wp-content\/uploads\/2023\/11\/afb2-232x300.jpg 232w, https:\/\/chalecosblindados.com.mx\/wp-content\/uploads\/2023\/11\/afb2-791x1024.jpg 791w, https:\/\/chalecosblindados.com.mx\/wp-content\/uploads\/2023\/11\/afb2-768x994.jpg 768w, https:\/\/chalecosblindados.com.mx\/wp-content\/uploads\/2023\/11\/afb2-1186x1536.jpg 1186w, https:\/\/chalecosblindados.com.mx\/wp-content\/uploads\/2023\/11\/afb2-580x751.jpg 580w\" sizes=\"(max-width: 1275px) 100vw, 1275px\" \/><\/p>\n<p>[\/expand]<br \/>\n[expand title=\"TECNOLOG\u00cdA DE ESTE PRODUCTO\"]<\/p>\n<p><b><span data-contrast=\"none\">Protecci\u00f3n Bal\u00edstica<\/span><\/b><span data-contrast=\"none\"> de amplia cobertura <\/span><b><span data-contrast=\"none\">ORGANOS VITALES \/ COLUMNA VERTEBRAL<\/span><\/b><span data-contrast=\"none\"> dentro de la caja tor\u00e1cica \/ <\/span><b><span data-contrast=\"none\">MIEMBROS SUPERIORES E INFERIORES \/ CRANEAL \/ MAXILAR \/ vertebral<\/span><\/b><span data-contrast=\"none\"> regi\u00f3n posterior y alta del cuello.<\/span><\/p>\n<ul>\n<li data-leveltext=\"\uf0b7\" data-font=\"Symbol\" data-listid=\"3\" data-list-defn-props=\"{&quot;335552541&quot;:1,&quot;335559684&quot;:-2,&quot;335559685&quot;:1440,&quot;335559991&quot;:360,&quot;469769226&quot;:&quot;Symbol&quot;,&quot;469769242&quot;:[8226],&quot;469777803&quot;:&quot;left&quot;,&quot;469777804&quot;:&quot;\uf0b7&quot;,&quot;469777815&quot;:&quot;hybridMultilevel&quot;}\" aria-setsize=\"-1\" data-aria-posinset=\"1\" data-aria-level=\"1\"><b><span data-contrast=\"none\">Paneles bal\u00edsticos H\u00edbridos<\/span><\/b><span data-contrast=\"none\"> con Blindaje Ultraliviano.<\/span><\/li>\n<li data-leveltext=\"\uf0b7\" data-font=\"Symbol\" data-listid=\"3\" data-list-defn-props=\"{&quot;335552541&quot;:1,&quot;335559684&quot;:-2,&quot;335559685&quot;:1440,&quot;335559991&quot;:360,&quot;469769226&quot;:&quot;Symbol&quot;,&quot;469769242&quot;:[8226],&quot;469777803&quot;:&quot;left&quot;,&quot;469777804&quot;:&quot;\uf0b7&quot;,&quot;469777815&quot;:&quot;hybridMultilevel&quot;}\" aria-setsize=\"-1\" data-aria-posinset=\"1\" data-aria-level=\"1\"><b><span data-contrast=\"none\">Protecci\u00f3n Bal\u00edstica<\/span><\/b> <b><span data-contrast=\"none\">NIJ-IIIA<\/span><\/b><span data-contrast=\"none\"> contra Armas Cortas calibres <\/span>&nbsp;<br \/>\n<span data-contrast=\"none\">9 mm FMJ RN \/ .40 S&amp;W FMJ \/ .357 Magnum. JSP &amp; SIG FMJ FN \/ .44 Magnum. JHP<\/span><\/li>\n<li data-leveltext=\"\uf0b7\" data-font=\"Symbol\" data-listid=\"3\" data-list-defn-props=\"{&quot;335552541&quot;:1,&quot;335559684&quot;:-2,&quot;335559685&quot;:1440,&quot;335559991&quot;:360,&quot;469769226&quot;:&quot;Symbol&quot;,&quot;469769242&quot;:[8226],&quot;469777803&quot;:&quot;left&quot;,&quot;469777804&quot;:&quot;\uf0b7&quot;,&quot;469777815&quot;:&quot;hybridMultilevel&quot;}\" aria-setsize=\"-1\" data-aria-posinset=\"1\" data-aria-level=\"1\"><b><span data-contrast=\"none\">Sistema Anti-Trauma<\/span><\/b><span data-contrast=\"none\"> que reduce dram\u00e1ticamente las lesiones internas producidas por el golpe de la bala detenida.<\/span><\/li>\n<li data-leveltext=\"\uf0b7\" data-font=\"Symbol\" data-listid=\"3\" data-list-defn-props=\"{&quot;335552541&quot;:1,&quot;335559684&quot;:-2,&quot;335559685&quot;:1440,&quot;335559991&quot;:360,&quot;469769226&quot;:&quot;Symbol&quot;,&quot;469769242&quot;:[8226],&quot;469777803&quot;:&quot;left&quot;,&quot;469777804&quot;:&quot;\uf0b7&quot;,&quot;469777815&quot;:&quot;hybridMultilevel&quot;}\" aria-setsize=\"-1\" data-aria-posinset=\"1\" data-aria-level=\"1\"><b><span data-contrast=\"none\">Armadura \u201cDoble Prop\u00f3sito\u201d<\/span><\/b><span data-contrast=\"none\">, \u00fatil para protecci\u00f3n contra impactos de objetos contundentes y golpes en altercados cuerpo a cuerpo.<\/span><\/li>\n<li data-leveltext=\"\uf0b7\" data-font=\"Symbol\" data-listid=\"3\" data-list-defn-props=\"{&quot;335552541&quot;:1,&quot;335559684&quot;:-2,&quot;335559685&quot;:1440,&quot;335559991&quot;:360,&quot;469769226&quot;:&quot;Symbol&quot;,&quot;469769242&quot;:[8226],&quot;469777803&quot;:&quot;left&quot;,&quot;469777804&quot;:&quot;\uf0b7&quot;,&quot;469777815&quot;:&quot;hybridMultilevel&quot;}\" aria-setsize=\"-1\" data-aria-posinset=\"1\" data-aria-level=\"1\"><b><span data-contrast=\"none\">Paneles Bal\u00edsticos<\/span><\/b><span data-contrast=\"none\"> Fabricados con una combinaci\u00f3n de fibras multifuncionales perfectamente entrelazadas, adhesivos bal\u00edsticos no newtonianos y tecnolog\u00eda de pol\u00edmeros para convertir m\u00faltiples materiales bal\u00edsticos en un solo sistema.<\/span><\/li>\n<li data-leveltext=\"\uf0b7\" data-font=\"Symbol\" data-listid=\"3\" data-list-defn-props=\"{&quot;335552541&quot;:1,&quot;335559684&quot;:-2,&quot;335559685&quot;:1440,&quot;335559991&quot;:360,&quot;469769226&quot;:&quot;Symbol&quot;,&quot;469769242&quot;:[8226],&quot;469777803&quot;:&quot;left&quot;,&quot;469777804&quot;:&quot;\uf0b7&quot;,&quot;469777815&quot;:&quot;hybridMultilevel&quot;}\" aria-setsize=\"-1\" data-aria-posinset=\"1\" data-aria-level=\"1\"><b><span data-contrast=\"none\">Paneles blindados suaves unidos sin costuras<\/span><\/b><span data-contrast=\"none\">, fijados con adhesivos bal\u00edsticos para mantener la integridad de los materiales tejidos y mejorar el rendimiento bal\u00edstico de millones de fibras que act\u00faan como una sola en lugar de actuar de forma independiente.<\/span><\/li>\n<li data-leveltext=\"\uf0b7\" data-font=\"Symbol\" data-listid=\"3\" data-list-defn-props=\"{&quot;335552541&quot;:1,&quot;335559684&quot;:-2,&quot;335559685&quot;:1440,&quot;335559991&quot;:360,&quot;469769226&quot;:&quot;Symbol&quot;,&quot;469769242&quot;:[8226],&quot;469777803&quot;:&quot;left&quot;,&quot;469777804&quot;:&quot;\uf0b7&quot;,&quot;469777815&quot;:&quot;hybridMultilevel&quot;}\" aria-setsize=\"-1\" data-aria-posinset=\"1\" data-aria-level=\"1\"><b><span data-contrast=\"none\">Sistema patentado para liberar la presi\u00f3n<\/span><\/b><span data-contrast=\"none\"> generada por los impactos de bala y que revienta los sistemas de blindaje personal. Mejora la integridad del sistema antibalas y sus paneles bal\u00edsticos para resistir disparos posteriores.<\/span><\/li>\n<li data-leveltext=\"\uf0b7\" data-font=\"Symbol\" data-listid=\"3\" data-list-defn-props=\"{&quot;335552541&quot;:1,&quot;335559684&quot;:-2,&quot;335559685&quot;:1440,&quot;335559991&quot;:360,&quot;469769226&quot;:&quot;Symbol&quot;,&quot;469769242&quot;:[8226],&quot;469777803&quot;:&quot;left&quot;,&quot;469777804&quot;:&quot;\uf0b7&quot;,&quot;469777815&quot;:&quot;hybridMultilevel&quot;}\" aria-setsize=\"-1\" data-aria-posinset=\"1\" data-aria-level=\"1\"><b><span data-contrast=\"none\">Empacada al alto vac\u00edo<\/span><\/b><span data-contrast=\"none\"> al momento de su fabricaci\u00f3n para detener la degradaci\u00f3n de los materiales bal\u00edsticos con periodo de caducidad que comienza cuando el empaque es abierto.<\/span><\/li>\n<li data-leveltext=\"\uf0b7\" data-font=\"Symbol\" data-listid=\"3\" data-list-defn-props=\"{&quot;335552541&quot;:1,&quot;335559684&quot;:-2,&quot;335559685&quot;:1440,&quot;335559991&quot;:360,&quot;469769226&quot;:&quot;Symbol&quot;,&quot;469769242&quot;:[8226],&quot;469777803&quot;:&quot;left&quot;,&quot;469777804&quot;:&quot;\uf0b7&quot;,&quot;469777815&quot;:&quot;hybridMultilevel&quot;}\" aria-setsize=\"-1\" data-aria-posinset=\"1\" data-aria-level=\"1\"><b><span data-contrast=\"none\">UNITALLA<\/span><\/b><span data-contrast=\"none\"> con Sistema de Correas removibles para modificar el Largo y Ancho de los componentes y segmentos de la armadura. Se ajusta ergon\u00f3micamente a todo tipo de cuerpos, sin importar el peso o altura de la persona.<\/span><\/li>\n<li data-leveltext=\"\uf0b7\" data-font=\"Symbol\" data-listid=\"3\" data-list-defn-props=\"{&quot;335552541&quot;:1,&quot;335559684&quot;:-2,&quot;335559685&quot;:1440,&quot;335559991&quot;:360,&quot;469769226&quot;:&quot;Symbol&quot;,&quot;469769242&quot;:[8226],&quot;469777803&quot;:&quot;left&quot;,&quot;469777804&quot;:&quot;\uf0b7&quot;,&quot;469777815&quot;:&quot;hybridMultilevel&quot;}\" aria-setsize=\"-1\" data-aria-posinset=\"1\" data-aria-level=\"1\"><b><span data-contrast=\"none\">Incluye l\u00e1mpara t\u00e1ctica<\/span><\/b><span data-contrast=\"none\"> adherible al chaleco.<\/span><\/li>\n<\/ul>\n<p><span class=\"TextRun SCXW155588175 BCX0\" lang=\"ES-MX\" xml:lang=\"ES-MX\" data-contrast=\"none\"><span class=\"NormalTextRun SCXW155588175 BCX0\">PANEL BALISTICO DE OTROS FABRICANTES FUSIONADO CON COSTURAS<\/span><\/span><\/p>\n<p><img loading=\"lazy\" class=\"alignnone size-full wp-image-447\" style=\"font-size: 1.125rem;\" src=\"https:\/\/chalecosblindados.com.mx\/wp-content\/uploads\/2022\/01\/Panel-costura-03-Web.jpg\" alt=\"\" width=\"1000\" height=\"667\" srcset=\"https:\/\/chalecosblindados.com.mx\/wp-content\/uploads\/2022\/01\/Panel-costura-03-Web.jpg 1000w, https:\/\/chalecosblindados.com.mx\/wp-content\/uploads\/2022\/01\/Panel-costura-03-Web-580x387.jpg 580w, https:\/\/chalecosblindados.com.mx\/wp-content\/uploads\/2022\/01\/Panel-costura-03-Web-300x200.jpg 300w, https:\/\/chalecosblindados.com.mx\/wp-content\/uploads\/2022\/01\/Panel-costura-03-Web-768x512.jpg 768w, https:\/\/chalecosblindados.com.mx\/wp-content\/uploads\/2022\/01\/Panel-costura-03-Web-507x338.jpg 507w\" sizes=\"(max-width: 1000px) 100vw, 1000px\" \/><\/p>\n<p><strong><span class=\"TextRun SCXW182350377 BCX0\" lang=\"ES-MX\" xml:lang=\"ES-MX\" data-contrast=\"none\"><span class=\"NormalTextRun SCXW182350377 BCX0\">PANEL BAL<\/span><span class=\"NormalTextRun SCXW182350377 BCX0\">IS<\/span><span class=\"NormalTextRun SCXW182350377 BCX0\">TICO FUSIONADO SIN PUNTADAS<\/span><\/span><\/strong><span class=\"TextRun SCXW182350377 BCX0\" lang=\"ES-MX\" xml:lang=\"ES-MX\" data-contrast=\"none\"> <span class=\"NormalTextRun SCXW182350377 BCX0\">HECHO CON ADHESIVO BALISTICO PROPIETARIO DE TANUS ARMOR GROUP<\/span><\/span><\/p>\n<p><img loading=\"lazy\" class=\"alignnone size-full wp-image-488\" src=\"https:\/\/chalecosblindados.com.mx\/wp-content\/uploads\/2022\/01\/Panel-sin-costura-03-scaled.jpg\" alt=\"Panel Tanus Armor\" width=\"2560\" height=\"1707\" srcset=\"https:\/\/chalecosblindados.com.mx\/wp-content\/uploads\/2022\/01\/Panel-sin-costura-03-scaled.jpg 2560w, https:\/\/chalecosblindados.com.mx\/wp-content\/uploads\/2022\/01\/Panel-sin-costura-03-scaled-580x387.jpg 580w, https:\/\/chalecosblindados.com.mx\/wp-content\/uploads\/2022\/01\/Panel-sin-costura-03-300x200.jpg 300w, https:\/\/chalecosblindados.com.mx\/wp-content\/uploads\/2022\/01\/Panel-sin-costura-03-1024x683.jpg 1024w, https:\/\/chalecosblindados.com.mx\/wp-content\/uploads\/2022\/01\/Panel-sin-costura-03-768x512.jpg 768w, https:\/\/chalecosblindados.com.mx\/wp-content\/uploads\/2022\/01\/Panel-sin-costura-03-1536x1024.jpg 1536w, https:\/\/chalecosblindados.com.mx\/wp-content\/uploads\/2022\/01\/Panel-sin-costura-03-2048x1365.jpg 2048w, https:\/\/chalecosblindados.com.mx\/wp-content\/uploads\/2022\/01\/Panel-sin-costura-03-507x338.jpg 507w\" sizes=\"(max-width: 2560px) 100vw, 2560px\" \/><\/p>\n<p>[\/expand]<br \/>\n[expand title=\"POL\u00cdTICAS DE VENTA Y ENV\u00cdO\"]<br \/>\n&#8211; <span style=\"color: #ffe133;\"><a style=\"color: #000000;\" href=\"https:\/\/chalecosblindados.com.mx\/index.php\/envios\/\">Env\u00edos<\/a><\/span><br \/>\n&#8211; <span style=\"color: #ffe133;\"><a style=\"color: #000000;\" href=\"https:\/\/chalecosblindados.com.mx\/index.php\/garantia-y-devoluciones\/\">Garant\u00eda y Devoluciones<\/a><\/span><\/p>\n<p>*Las especificaciones t\u00e9cnicas de este producto pueden variar por mejoras y cambios en su dise\u00f1o<br \/>\n[\/expand]<\/p>\n[video width=\"1920\" height=\"1080\" mp4=\"https:\/\/chalecosblindados.com.mx\/wp-content\/uploads\/2023\/11\/VIDEO-ARMADURA-ARMADILLO-FB-1.mp4\"][\/video]\n<p><span style=\"color: #ffe133;\"><a class=\"fasc-button fasc-size-medium fasc-type-flat fasc-ico-before dashicons-format-aside fasc-style-bold\" style=\"background-color: #ffd000; color: #474747;\" target=\"_blank\" rel=\"noopener\" href=\"https:\/\/chalecosblindados.com.mx\/wp-content\/uploads\/2023\/11\/Full-Body-Armor-Armadillo-FB-Technical-Sheet.pdf\">DESCARGAR FICHA T\u00c9CNICA<\/a><\/span><\/p>\n<p><span style=\"color: #ffe133;\"><a class=\"fasc-button fasc-size-medium fasc-type-flat fasc-ico-before dashicons-format-aside fasc-style-bold\" style=\"background-color: #ffd000; color: #474747;\" target=\"_blank\" rel=\"noopener\" href=\"https:\/\/chalecosblindados.com.mx\/wp-content\/uploads\/2023\/11\/Full-Body-Armor-Armadillo-FB-User-Manual.pdf\">DESCARGAR MANUAL DE USUARIO<\/a><\/span><\/p>\n<p><span style=\"color: #ffe133;\"><a class=\"fasc-button fasc-size-medium fasc-type-flat fasc-style-bold\" style=\"background-color: #ffd000; color: #474747;\" target=\"_blank\" rel=\"noopener\" href=\"https:\/\/chalecosblindados.com.mx\/index.php\/mayoreo\/\">INFORMACI\u00d3N Y VENTAS MAYOREO<\/a><\/span> &hellip; <a href=\"https:\/\/chalecosblindados.com.mx\/index.php\/product\/armadura-armadillo\/\" class=\"more-link\">Continue reading<span class=\"screen-reader-text\">ARMADILLO-FB<\/span><\/a><\/p>\n","protected":false},"featured_media":2242,"template":"","meta":[],"product_cat":[26],"product_tag":[],"_links":{"self":[{"href":"https:\/\/chalecosblindados.com.mx\/index.php\/wp-json\/wp\/v2\/product\/1989"}],"collection":[{"href":"https:\/\/chalecosblindados.com.mx\/index.php\/wp-json\/wp\/v2\/product"}],"about":[{"href":"https:\/\/chalecosblindados.com.mx\/index.php\/wp-json\/wp\/v2\/types\/product"}],"wp:featuredmedia":[{"embeddable":true,"href":"https:\/\/chalecosblindados.com.mx\/index.php\/wp-json\/wp\/v2\/media\/2242"}],"wp:attachment":[{"href":"https:\/\/chalecosblindados.com.mx\/index.php\/wp-json\/wp\/v2\/media?parent=1989"}],"wp:term":[{"taxonomy":"product_cat","embeddable":true,"href":"https:\/\/chalecosblindados.com.mx\/index.php\/wp-json\/wp\/v2\/product_cat?post=1989"},{"taxonomy":"product_tag","embeddable":true,"href":"https:\/\/chalecosblindados.com.mx\/index.php\/wp-json\/wp\/v2\/product_tag?post=1989"}],"curies":[{"name":"wp","href":"https:\/\/api.w.org\/{rel}","templated":true}]}}