{"id":518,"date":"2022-02-24T08:46:37","date_gmt":"2022-02-24T08:46:37","guid":{"rendered":"http:\/\/chalecosblindados.com.mx\/?page_id=518"},"modified":"2022-11-18T01:40:04","modified_gmt":"2022-11-18T01:40:04","slug":"certificados-balisticos","status":"publish","type":"page","link":"https:\/\/chalecosblindados.com.mx\/index.php\/certificados-balisticos\/","title":{"rendered":"Certificaciones Bal\u00edsticas"},"content":{"rendered":"\t\t<div data-elementor-type=\"wp-page\" data-elementor-id=\"518\" class=\"elementor elementor-518\">\n\t\t\t\t\t\t\t\t\t<section class=\"elementor-section elementor-top-section elementor-element elementor-element-bf5385c elementor-section-boxed elementor-section-height-default elementor-section-height-default\" data-id=\"bf5385c\" data-element_type=\"section\">\n\t\t\t\t\t\t<div class=\"elementor-container elementor-column-gap-default\">\n\t\t\t\t\t<div class=\"elementor-column elementor-col-100 elementor-top-column elementor-element elementor-element-9f3dfc3\" data-id=\"9f3dfc3\" data-element_type=\"column\">\n\t\t\t<div class=\"elementor-widget-wrap elementor-element-populated\">\n\t\t\t\t\t\t\t\t<div class=\"elementor-element elementor-element-31b2722 elementor-widget elementor-widget-heading\" data-id=\"31b2722\" data-element_type=\"widget\" data-widget_type=\"heading.default\">\n\t\t\t\t<div class=\"elementor-widget-container\">\n\t\t\t<style>\/*! elementor - v3.6.0 - 21-03-2022 *\/\n.elementor-heading-title{padding:0;margin:0;line-height:1}.elementor-widget-heading .elementor-heading-title[class*=elementor-size-]>a{color:inherit;font-size:inherit;line-height:inherit}.elementor-widget-heading .elementor-heading-title.elementor-size-small{font-size:15px}.elementor-widget-heading .elementor-heading-title.elementor-size-medium{font-size:19px}.elementor-widget-heading .elementor-heading-title.elementor-size-large{font-size:29px}.elementor-widget-heading .elementor-heading-title.elementor-size-xl{font-size:39px}.elementor-widget-heading .elementor-heading-title.elementor-size-xxl{font-size:59px}<\/style><h1 class=\"elementor-heading-title elementor-size-small\">Sistemas de Blindaje Personal Avalados por el Servicio Federal para la cooperaci\u00f3n Militar-T\u00e9cnica (SFCMT) Mosc\u00fa Rusia<br>y Probados Bal\u00edsticamente en Laboratorios Certificados por el National Institute of Justice USA<\/h1>\t\t<\/div>\n\t\t\t\t<\/div>\n\t\t\t\t\t<\/div>\n\t\t<\/div>\n\t\t\t\t\t\t\t<\/div>\n\t\t<\/section>\n\t\t\t\t<section class=\"elementor-section elementor-top-section elementor-element elementor-element-4a47522 elementor-section-boxed elementor-section-height-default elementor-section-height-default\" data-id=\"4a47522\" data-element_type=\"section\">\n\t\t\t\t\t\t<div class=\"elementor-container elementor-column-gap-default\">\n\t\t\t\t\t<div class=\"elementor-column elementor-col-100 elementor-top-column elementor-element elementor-element-d450218\" data-id=\"d450218\" data-element_type=\"column\">\n\t\t\t<div class=\"elementor-widget-wrap elementor-element-populated\">\n\t\t\t\t\t\t\t\t<div class=\"elementor-element elementor-element-0026db3 elementor-widget-divider--view-line elementor-widget elementor-widget-divider\" data-id=\"0026db3\" data-element_type=\"widget\" data-widget_type=\"divider.default\">\n\t\t\t\t<div class=\"elementor-widget-container\">\n\t\t\t<style>\/*! elementor - v3.6.0 - 21-03-2022 *\/\n.elementor-widget-divider{--divider-border-style:none;--divider-border-width:1px;--divider-color:#2c2c2c;--divider-icon-size:20px;--divider-element-spacing:10px;--divider-pattern-height:24px;--divider-pattern-size:20px;--divider-pattern-url:none;--divider-pattern-repeat:repeat-x}.elementor-widget-divider .elementor-divider{display:-webkit-box;display:-ms-flexbox;display:flex}.elementor-widget-divider .elementor-divider__text{font-size:15px;line-height:1;max-width:95%}.elementor-widget-divider .elementor-divider__element{margin:0 var(--divider-element-spacing);-ms-flex-negative:0;flex-shrink:0}.elementor-widget-divider .elementor-icon{font-size:var(--divider-icon-size)}.elementor-widget-divider .elementor-divider-separator{display:-webkit-box;display:-ms-flexbox;display:flex;margin:0;direction:ltr}.elementor-widget-divider--view-line_icon .elementor-divider-separator,.elementor-widget-divider--view-line_text .elementor-divider-separator{-webkit-box-align:center;-ms-flex-align:center;align-items:center}.elementor-widget-divider--view-line_icon .elementor-divider-separator:after,.elementor-widget-divider--view-line_icon .elementor-divider-separator:before,.elementor-widget-divider--view-line_text .elementor-divider-separator:after,.elementor-widget-divider--view-line_text .elementor-divider-separator:before{display:block;content:\"\";border-bottom:0;-webkit-box-flex:1;-ms-flex-positive:1;flex-grow:1;border-top:var(--divider-border-width) var(--divider-border-style) var(--divider-color)}.elementor-widget-divider--element-align-left .elementor-divider .elementor-divider-separator>.elementor-divider__svg:first-of-type{-webkit-box-flex:0;-ms-flex-positive:0;flex-grow:0;-ms-flex-negative:100;flex-shrink:100}.elementor-widget-divider--element-align-left .elementor-divider-separator:before{content:none}.elementor-widget-divider--element-align-left .elementor-divider__element{margin-left:0}.elementor-widget-divider--element-align-right .elementor-divider .elementor-divider-separator>.elementor-divider__svg:last-of-type{-webkit-box-flex:0;-ms-flex-positive:0;flex-grow:0;-ms-flex-negative:100;flex-shrink:100}.elementor-widget-divider--element-align-right .elementor-divider-separator:after{content:none}.elementor-widget-divider--element-align-right .elementor-divider__element{margin-right:0}.elementor-widget-divider:not(.elementor-widget-divider--view-line_text):not(.elementor-widget-divider--view-line_icon) .elementor-divider-separator{border-top:var(--divider-border-width) var(--divider-border-style) var(--divider-color)}.elementor-widget-divider--separator-type-pattern{--divider-border-style:none}.elementor-widget-divider--separator-type-pattern.elementor-widget-divider--view-line .elementor-divider-separator,.elementor-widget-divider--separator-type-pattern:not(.elementor-widget-divider--view-line) .elementor-divider-separator:after,.elementor-widget-divider--separator-type-pattern:not(.elementor-widget-divider--view-line) .elementor-divider-separator:before,.elementor-widget-divider--separator-type-pattern:not([class*=elementor-widget-divider--view]) .elementor-divider-separator{width:100%;min-height:var(--divider-pattern-height);-webkit-mask-size:var(--divider-pattern-size) 100%;mask-size:var(--divider-pattern-size) 100%;-webkit-mask-repeat:var(--divider-pattern-repeat);mask-repeat:var(--divider-pattern-repeat);background-color:var(--divider-color);-webkit-mask-image:var(--divider-pattern-url);mask-image:var(--divider-pattern-url)}.elementor-widget-divider--no-spacing{--divider-pattern-size:auto}.elementor-widget-divider--bg-round{--divider-pattern-repeat:round}.rtl .elementor-widget-divider .elementor-divider__text{direction:rtl}<\/style>\t\t<div class=\"elementor-divider\">\n\t\t\t<span class=\"elementor-divider-separator\">\n\t\t\t\t\t\t<\/span>\n\t\t<\/div>\n\t\t\t\t<\/div>\n\t\t\t\t<\/div>\n\t\t\t\t\t<\/div>\n\t\t<\/div>\n\t\t\t\t\t\t\t<\/div>\n\t\t<\/section>\n\t\t\t\t<section class=\"elementor-section elementor-top-section elementor-element elementor-element-be03bd3 elementor-section-boxed elementor-section-height-default elementor-section-height-default\" data-id=\"be03bd3\" data-element_type=\"section\">\n\t\t\t\t\t\t<div class=\"elementor-container elementor-column-gap-default\">\n\t\t\t\t\t<div class=\"elementor-column elementor-col-25 elementor-top-column elementor-element elementor-element-030bb2b\" data-id=\"030bb2b\" data-element_type=\"column\">\n\t\t\t<div class=\"elementor-widget-wrap elementor-element-populated\">\n\t\t\t\t\t\t\t\t<div class=\"elementor-element elementor-element-dc42058 elementor-widget elementor-widget-image\" data-id=\"dc42058\" data-element_type=\"widget\" data-widget_type=\"image.default\">\n\t\t\t\t<div class=\"elementor-widget-container\">\n\t\t\t<style>\/*! elementor - v3.6.0 - 21-03-2022 *\/\n.elementor-widget-image{text-align:center}.elementor-widget-image a{display:inline-block}.elementor-widget-image a img[src$=\".svg\"]{width:48px}.elementor-widget-image img{vertical-align:middle;display:inline-block}<\/style>\t\t\t\t\t\t\t\t\t<figure class=\"wp-caption\">\n\t\t\t\t\t\t\t\t\t\t\t<a href=\"https:\/\/chalecosblindados.com.mx\/index.php\/certificado-gost-1-ing-2\/\">\n\t\t\t\t\t\t\t<img width=\"220\" height=\"300\" src=\"https:\/\/chalecosblindados.com.mx\/wp-content\/uploads\/2022\/02\/Captura-de-pantalla-2022-02-24-a-las-02.39.15-220x300.png\" class=\"attachment-medium size-medium\" alt=\"\" loading=\"lazy\" srcset=\"https:\/\/chalecosblindados.com.mx\/wp-content\/uploads\/2022\/02\/Captura-de-pantalla-2022-02-24-a-las-02.39.15-220x300.png 220w, https:\/\/chalecosblindados.com.mx\/wp-content\/uploads\/2022\/02\/Captura-de-pantalla-2022-02-24-a-las-02.39.15.png 502w\" sizes=\"(max-width: 220px) 100vw, 220px\" \/>\t\t\t\t\t\t\t\t<\/a>\n\t\t\t\t\t\t\t\t\t\t\t<figcaption class=\"widget-image-caption wp-caption-text\">CERTIFICACI\u00d3N  GOST 1 <Br>Bajo Supervisi\u00f3n y Regulaci\u00f3n<Br>del Servicio Federal para la cooperaci\u00f3n Militar-T\u00e9cnica (SFCMT) Mosc\u00fa Rusia<\/figcaption>\n\t\t\t\t\t\t\t\t\t\t<\/figure>\n\t\t\t\t\t\t\t\t\t<\/div>\n\t\t\t\t<\/div>\n\t\t\t\t\t<\/div>\n\t\t<\/div>\n\t\t\t\t<div class=\"elementor-column elementor-col-25 elementor-top-column elementor-element elementor-element-037bf37\" data-id=\"037bf37\" data-element_type=\"column\">\n\t\t\t<div class=\"elementor-widget-wrap elementor-element-populated\">\n\t\t\t\t\t\t\t\t<div class=\"elementor-element elementor-element-f781ccc elementor-widget elementor-widget-image\" data-id=\"f781ccc\" data-element_type=\"widget\" data-widget_type=\"image.default\">\n\t\t\t\t<div class=\"elementor-widget-container\">\n\t\t\t\t\t\t\t\t\t\t\t\t<figure class=\"wp-caption\">\n\t\t\t\t\t\t\t\t\t\t\t<a href=\"https:\/\/chalecosblindados.com.mx\/index.php\/certificado-gost-2-2\/\">\n\t\t\t\t\t\t\t<img width=\"213\" height=\"300\" src=\"https:\/\/chalecosblindados.com.mx\/wp-content\/uploads\/2022\/02\/Captura-de-pantalla-2022-02-24-a-las-02.38.49-213x300.png\" class=\"attachment-medium size-medium\" alt=\"\" loading=\"lazy\" srcset=\"https:\/\/chalecosblindados.com.mx\/wp-content\/uploads\/2022\/02\/Captura-de-pantalla-2022-02-24-a-las-02.38.49-213x300.png 213w, https:\/\/chalecosblindados.com.mx\/wp-content\/uploads\/2022\/02\/Captura-de-pantalla-2022-02-24-a-las-02.38.49.png 509w\" sizes=\"(max-width: 213px) 100vw, 213px\" \/>\t\t\t\t\t\t\t\t<\/a>\n\t\t\t\t\t\t\t\t\t\t\t<figcaption class=\"widget-image-caption wp-caption-text\">CERTIFICACI\u00d3N GOST 2<Br>Bajo Supervisi\u00f3n y Regulaci\u00f3n<Br>del Servicio Federal para la cooperaci\u00f3n Militar-T\u00e9cnica (SFCMT) Mosc\u00fa Rusia<\/figcaption>\n\t\t\t\t\t\t\t\t\t\t<\/figure>\n\t\t\t\t\t\t\t\t\t<\/div>\n\t\t\t\t<\/div>\n\t\t\t\t\t<\/div>\n\t\t<\/div>\n\t\t\t\t<div class=\"elementor-column elementor-col-25 elementor-top-column elementor-element elementor-element-c940159\" data-id=\"c940159\" data-element_type=\"column\">\n\t\t\t<div class=\"elementor-widget-wrap elementor-element-populated\">\n\t\t\t\t\t\t\t\t<div class=\"elementor-element elementor-element-a47951d elementor-widget elementor-widget-image\" data-id=\"a47951d\" data-element_type=\"widget\" data-widget_type=\"image.default\">\n\t\t\t\t<div class=\"elementor-widget-container\">\n\t\t\t\t\t\t\t\t\t\t\t\t<figure class=\"wp-caption\">\n\t\t\t\t\t\t\t\t\t\t\t<a href=\"https:\/\/chalecosblindados.com.mx\/index.php\/tag-ballistic-test-9mm-fmj-censurado-ing-2\/\">\n\t\t\t\t\t\t\t<img width=\"237\" height=\"300\" src=\"https:\/\/chalecosblindados.com.mx\/wp-content\/uploads\/2022\/02\/Captura-de-pantalla-2022-02-24-a-las-02.38.08-237x300.png\" class=\"attachment-medium size-medium\" alt=\"\" loading=\"lazy\" srcset=\"https:\/\/chalecosblindados.com.mx\/wp-content\/uploads\/2022\/02\/Captura-de-pantalla-2022-02-24-a-las-02.38.08-237x300.png 237w, https:\/\/chalecosblindados.com.mx\/wp-content\/uploads\/2022\/02\/Captura-de-pantalla-2022-02-24-a-las-02.38.08.png 522w\" sizes=\"(max-width: 237px) 100vw, 237px\" \/>\t\t\t\t\t\t\t\t<\/a>\n\t\t\t\t\t\t\t\t\t\t\t<figcaption class=\"widget-image-caption wp-caption-text\">PRUEBA BAL\u00cdSTICA 9mm FMJ Laboratorio Certificado por el National Institute of Justice<\/figcaption>\n\t\t\t\t\t\t\t\t\t\t<\/figure>\n\t\t\t\t\t\t\t\t\t<\/div>\n\t\t\t\t<\/div>\n\t\t\t\t\t<\/div>\n\t\t<\/div>\n\t\t\t\t<div class=\"elementor-column elementor-col-25 elementor-top-column elementor-element elementor-element-5df3472\" data-id=\"5df3472\" data-element_type=\"column\">\n\t\t\t<div class=\"elementor-widget-wrap elementor-element-populated\">\n\t\t\t\t\t\t\t\t<div class=\"elementor-element elementor-element-197693d elementor-widget elementor-widget-image\" data-id=\"197693d\" data-element_type=\"widget\" data-widget_type=\"image.default\">\n\t\t\t\t<div class=\"elementor-widget-container\">\n\t\t\t\t\t\t\t\t\t\t\t\t<figure class=\"wp-caption\">\n\t\t\t\t\t\t\t\t\t\t\t<a href=\"https:\/\/chalecosblindados.com.mx\/index.php\/tag-ballistic-test-44-mag-censurado-2\/\">\n\t\t\t\t\t\t\t<img width=\"237\" height=\"300\" src=\"https:\/\/chalecosblindados.com.mx\/wp-content\/uploads\/2022\/02\/Captura-de-pantalla-2022-02-24-a-las-02.38.08-237x300.png\" class=\"attachment-medium size-medium\" alt=\"\" loading=\"lazy\" srcset=\"https:\/\/chalecosblindados.com.mx\/wp-content\/uploads\/2022\/02\/Captura-de-pantalla-2022-02-24-a-las-02.38.08-237x300.png 237w, https:\/\/chalecosblindados.com.mx\/wp-content\/uploads\/2022\/02\/Captura-de-pantalla-2022-02-24-a-las-02.38.08.png 522w\" sizes=\"(max-width: 237px) 100vw, 237px\" \/>\t\t\t\t\t\t\t\t<\/a>\n\t\t\t\t\t\t\t\t\t\t\t<figcaption class=\"widget-image-caption wp-caption-text\">PRUEBA BAL\u00cdSTICA .44 Magnum  Laboratorio Certificado por el National Institute of Justice<\/figcaption>\n\t\t\t\t\t\t\t\t\t\t<\/figure>\n\t\t\t\t\t\t\t\t\t<\/div>\n\t\t\t\t<\/div>\n\t\t\t\t\t<\/div>\n\t\t<\/div>\n\t\t\t\t\t\t\t<\/div>\n\t\t<\/section>\n\t\t\t\t<section class=\"elementor-section elementor-top-section elementor-element elementor-element-0343cfc elementor-section-boxed elementor-section-height-default elementor-section-height-default\" data-id=\"0343cfc\" data-element_type=\"section\">\n\t\t\t\t\t\t<div class=\"elementor-container elementor-column-gap-default\">\n\t\t\t\t\t<div class=\"elementor-column elementor-col-25 elementor-top-column elementor-element elementor-element-743d859\" data-id=\"743d859\" data-element_type=\"column\">\n\t\t\t<div class=\"elementor-widget-wrap elementor-element-populated\">\n\t\t\t\t\t\t\t\t<div class=\"elementor-element elementor-element-7fa3c88 elementor-widget elementor-widget-image\" data-id=\"7fa3c88\" data-element_type=\"widget\" data-widget_type=\"image.default\">\n\t\t\t\t<div class=\"elementor-widget-container\">\n\t\t\t\t\t\t\t\t\t\t\t\t<figure class=\"wp-caption\">\n\t\t\t\t\t\t\t\t\t\t\t<a href=\"https:\/\/chalecosblindados.com.mx\/index.php\/tag-ballistic-test-357-mag-censurado-2\/\">\n\t\t\t\t\t\t\t<img width=\"237\" height=\"300\" src=\"https:\/\/chalecosblindados.com.mx\/wp-content\/uploads\/2022\/02\/Captura-de-pantalla-2022-02-24-a-las-02.38.08-237x300.png\" class=\"attachment-medium size-medium\" alt=\"\" loading=\"lazy\" srcset=\"https:\/\/chalecosblindados.com.mx\/wp-content\/uploads\/2022\/02\/Captura-de-pantalla-2022-02-24-a-las-02.38.08-237x300.png 237w, https:\/\/chalecosblindados.com.mx\/wp-content\/uploads\/2022\/02\/Captura-de-pantalla-2022-02-24-a-las-02.38.08.png 522w\" sizes=\"(max-width: 237px) 100vw, 237px\" \/>\t\t\t\t\t\t\t\t<\/a>\n\t\t\t\t\t\t\t\t\t\t\t<figcaption class=\"widget-image-caption wp-caption-text\">PRUEBA BAL\u00cdSTICA 357 Magnum  Laboratorio Certificado por el National Institute of Justice<\/figcaption>\n\t\t\t\t\t\t\t\t\t\t<\/figure>\n\t\t\t\t\t\t\t\t\t<\/div>\n\t\t\t\t<\/div>\n\t\t\t\t\t<\/div>\n\t\t<\/div>\n\t\t\t\t<div class=\"elementor-column elementor-col-25 elementor-top-column elementor-element elementor-element-021510e\" data-id=\"021510e\" data-element_type=\"column\">\n\t\t\t<div class=\"elementor-widget-wrap elementor-element-populated\">\n\t\t\t\t\t\t\t\t<div class=\"elementor-element elementor-element-060613a elementor-widget elementor-widget-image\" data-id=\"060613a\" data-element_type=\"widget\" data-widget_type=\"image.default\">\n\t\t\t\t<div class=\"elementor-widget-container\">\n\t\t\t\t\t\t\t\t\t\t\t\t<figure class=\"wp-caption\">\n\t\t\t\t\t\t\t\t\t\t\t<a href=\"https:\/\/chalecosblindados.com.mx\/index.php\/tag-ballistic-test-357-sig-censurado-2\/\">\n\t\t\t\t\t\t\t<img width=\"237\" height=\"300\" src=\"https:\/\/chalecosblindados.com.mx\/wp-content\/uploads\/2022\/02\/Captura-de-pantalla-2022-02-24-a-las-02.38.08-237x300.png\" class=\"attachment-medium size-medium\" alt=\"\" loading=\"lazy\" srcset=\"https:\/\/chalecosblindados.com.mx\/wp-content\/uploads\/2022\/02\/Captura-de-pantalla-2022-02-24-a-las-02.38.08-237x300.png 237w, https:\/\/chalecosblindados.com.mx\/wp-content\/uploads\/2022\/02\/Captura-de-pantalla-2022-02-24-a-las-02.38.08.png 522w\" sizes=\"(max-width: 237px) 100vw, 237px\" \/>\t\t\t\t\t\t\t\t<\/a>\n\t\t\t\t\t\t\t\t\t\t\t<figcaption class=\"widget-image-caption wp-caption-text\">PRUEBA BAL\u00cdSTICA 357 SIG  Laboratorio Certificado por el National Institute of Justice<\/figcaption>\n\t\t\t\t\t\t\t\t\t\t<\/figure>\n\t\t\t\t\t\t\t\t\t<\/div>\n\t\t\t\t<\/div>\n\t\t\t\t\t<\/div>\n\t\t<\/div>\n\t\t\t\t<div class=\"elementor-column elementor-col-25 elementor-top-column elementor-element elementor-element-0fa5bef\" data-id=\"0fa5bef\" data-element_type=\"column\">\n\t\t\t<div class=\"elementor-widget-wrap elementor-element-populated\">\n\t\t\t\t\t\t\t\t<div class=\"elementor-element elementor-element-729c570 elementor-widget elementor-widget-image\" data-id=\"729c570\" data-element_type=\"widget\" data-widget_type=\"image.default\">\n\t\t\t\t<div class=\"elementor-widget-container\">\n\t\t\t\t\t\t\t\t\t\t\t\t<figure class=\"wp-caption\">\n\t\t\t\t\t\t\t\t\t\t\t<a href=\"https:\/\/chalecosblindados.com.mx\/index.php\/tag-ballistic-test-v50-mag-44-censurado-2\/\">\n\t\t\t\t\t\t\t<img width=\"237\" height=\"300\" src=\"https:\/\/chalecosblindados.com.mx\/wp-content\/uploads\/2022\/02\/Captura-de-pantalla-2022-02-24-a-las-02.38.08-237x300.png\" class=\"attachment-medium size-medium\" alt=\"\" loading=\"lazy\" srcset=\"https:\/\/chalecosblindados.com.mx\/wp-content\/uploads\/2022\/02\/Captura-de-pantalla-2022-02-24-a-las-02.38.08-237x300.png 237w, https:\/\/chalecosblindados.com.mx\/wp-content\/uploads\/2022\/02\/Captura-de-pantalla-2022-02-24-a-las-02.38.08.png 522w\" sizes=\"(max-width: 237px) 100vw, 237px\" \/>\t\t\t\t\t\t\t\t<\/a>\n\t\t\t\t\t\t\t\t\t\t\t<figcaption class=\"widget-image-caption wp-caption-text\">PRUEBA BAL\u00cdSTICA V50 .44 MAG  Laboratorio Certificado por el National Institute of Justice<\/figcaption>\n\t\t\t\t\t\t\t\t\t\t<\/figure>\n\t\t\t\t\t\t\t\t\t<\/div>\n\t\t\t\t<\/div>\n\t\t\t\t\t<\/div>\n\t\t<\/div>\n\t\t\t\t<div class=\"elementor-column elementor-col-25 elementor-top-column elementor-element elementor-element-0b25de0\" data-id=\"0b25de0\" data-element_type=\"column\">\n\t\t\t<div class=\"elementor-widget-wrap\">\n\t\t\t\t\t\t\t\t\t<\/div>\n\t\t<\/div>\n\t\t\t\t\t\t\t<\/div>\n\t\t<\/section>\n\t\t\t\t<section class=\"elementor-section elementor-top-section elementor-element elementor-element-9cc8af0 elementor-section-boxed elementor-section-height-default elementor-section-height-default\" data-id=\"9cc8af0\" data-element_type=\"section\">\n\t\t\t\t\t\t<div class=\"elementor-container elementor-column-gap-default\">\n\t\t\t\t\t<div class=\"elementor-column elementor-col-100 elementor-top-column elementor-element elementor-element-83c58e3\" data-id=\"83c58e3\" data-element_type=\"column\">\n\t\t\t<div class=\"elementor-widget-wrap elementor-element-populated\">\n\t\t\t\t\t\t\t\t<div class=\"elementor-element elementor-element-9363f71 elementor-widget-divider--view-line elementor-widget elementor-widget-divider\" data-id=\"9363f71\" data-element_type=\"widget\" data-widget_type=\"divider.default\">\n\t\t\t\t<div class=\"elementor-widget-container\">\n\t\t\t\t\t<div class=\"elementor-divider\">\n\t\t\t<span class=\"elementor-divider-separator\">\n\t\t\t\t\t\t<\/span>\n\t\t<\/div>\n\t\t\t\t<\/div>\n\t\t\t\t<\/div>\n\t\t\t\t\t<\/div>\n\t\t<\/div>\n\t\t\t\t\t\t\t<\/div>\n\t\t<\/section>\n\t\t\t\t\t\t\t<\/div>\n\t\t","protected":false},"excerpt":{"rendered":"<p>Sistemas de Blindaje Personal Avalados por el Servicio Federal para la cooperaci\u00f3n Militar-T\u00e9cnica (SFCMT) Mosc\u00fa Rusiay Probados Bal\u00edsticamente en Laboratorios<\/p>\n<p><a href=\"https:\/\/chalecosblindados.com.mx\/index.php\/certificados-balisticos\/\" class=\"more-link\">Continue reading<span class=\"screen-reader-text\">Certificaciones Bal\u00edsticas<\/span><\/a><\/p>\n","protected":false},"author":1,"featured_media":0,"parent":0,"menu_order":0,"comment_status":"closed","ping_status":"closed","template":"","meta":[],"_links":{"self":[{"href":"https:\/\/chalecosblindados.com.mx\/index.php\/wp-json\/wp\/v2\/pages\/518"}],"collection":[{"href":"https:\/\/chalecosblindados.com.mx\/index.php\/wp-json\/wp\/v2\/pages"}],"about":[{"href":"https:\/\/chalecosblindados.com.mx\/index.php\/wp-json\/wp\/v2\/types\/page"}],"author":[{"embeddable":true,"href":"https:\/\/chalecosblindados.com.mx\/index.php\/wp-json\/wp\/v2\/users\/1"}],"replies":[{"embeddable":true,"href":"https:\/\/chalecosblindados.com.mx\/index.php\/wp-json\/wp\/v2\/comments?post=518"}],"version-history":[{"count":88,"href":"https:\/\/chalecosblindados.com.mx\/index.php\/wp-json\/wp\/v2\/pages\/518\/revisions"}],"predecessor-version":[{"id":1707,"href":"https:\/\/chalecosblindados.com.mx\/index.php\/wp-json\/wp\/v2\/pages\/518\/revisions\/1707"}],"wp:attachment":[{"href":"https:\/\/chalecosblindados.com.mx\/index.php\/wp-json\/wp\/v2\/media?parent=518"}],"curies":[{"name":"wp","href":"https:\/\/api.w.org\/{rel}","templated":true}]}}