{"id":451,"date":"2022-02-05T01:13:51","date_gmt":"2022-02-05T01:13:51","guid":{"rendered":"http:\/\/chalecosblindados.com.mx\/?page_id=451"},"modified":"2023-12-01T19:56:29","modified_gmt":"2023-12-01T19:56:29","slug":"envios","status":"publish","type":"page","link":"https:\/\/chalecosblindados.com.mx\/index.php\/envios\/","title":{"rendered":"Envios"},"content":{"rendered":"\t\t<div data-elementor-type=\"wp-page\" data-elementor-id=\"451\" class=\"elementor elementor-451\">\n\t\t\t\t\t\t\t\t\t<section class=\"elementor-section elementor-top-section elementor-element elementor-element-261866cf elementor-section-boxed elementor-section-height-default elementor-section-height-default\" data-id=\"261866cf\" data-element_type=\"section\">\n\t\t\t\t\t\t<div class=\"elementor-container elementor-column-gap-default\">\n\t\t\t\t\t<div class=\"elementor-column elementor-col-100 elementor-top-column elementor-element elementor-element-e1bff23\" data-id=\"e1bff23\" data-element_type=\"column\">\n\t\t\t<div class=\"elementor-widget-wrap elementor-element-populated\">\n\t\t\t\t\t\t\t\t<div class=\"elementor-element elementor-element-15477f6e elementor-widget elementor-widget-text-editor\" data-id=\"15477f6e\" data-element_type=\"widget\" data-widget_type=\"text-editor.default\">\n\t\t\t\t<div class=\"elementor-widget-container\">\n\t\t\t<style>\/*! elementor - v3.6.0 - 21-03-2022 *\/\n.elementor-widget-text-editor.elementor-drop-cap-view-stacked .elementor-drop-cap{background-color:#818a91;color:#fff}.elementor-widget-text-editor.elementor-drop-cap-view-framed .elementor-drop-cap{color:#818a91;border:3px solid;background-color:transparent}.elementor-widget-text-editor:not(.elementor-drop-cap-view-default) .elementor-drop-cap{margin-top:8px}.elementor-widget-text-editor:not(.elementor-drop-cap-view-default) .elementor-drop-cap-letter{width:1em;height:1em}.elementor-widget-text-editor .elementor-drop-cap{float:left;text-align:center;line-height:1;font-size:50px}.elementor-widget-text-editor .elementor-drop-cap-letter{display:inline-block}<\/style>\t\t\t\t<!-- wp:paragraph -->\n<p><strong>ENTREGA GRATUITA EN TODO EL MUNDO<\/strong><\/p>\n<!-- \/wp:paragraph -->\n\n<!-- wp:paragraph -->\n<p>Nuestra reputaci\u00f3n se basa en la calidad. Fabricamos el mejor producto, ofrecemos el mejor servicio y cumplimos lo prometido. Respaldamos con orgullo nuestra reputaci\u00f3n de fiabilidad, rendimiento y calidad. Ponemos el list\u00f3n m\u00e1s alto que el est\u00e1ndar de la industria.<\/p>\n<!-- \/wp:paragraph -->\n\n<!-- wp:paragraph -->\n<p>Despu\u00e9s de realizar su pedido este ser\u00e1 enviado en un plazo de 24 a 48 hrs<\/p>\n<!-- \/wp:paragraph -->\n\n<!-- wp:paragraph -->\n<p>Todos los pedidos nacionales e internacionales son enviados sin ning\u00fan costo por DLH Express<\/p>\n<!-- \/wp:paragraph -->\n\n<!-- wp:paragraph -->\n<p><strong>SEGUIMIENTO DE PEDIDOS<\/strong><br>Despu\u00e9s de enviar su pedido, un asistente personal se pondr\u00e1 en contacto con usted para facilitarle el n\u00famero de seguimiento de su env\u00edo. (Atenci\u00f3n Ingles \/ Espa\u00f1ol)<br><\/p>\n<!-- \/wp:paragraph -->\n\n<!-- wp:paragraph -->\n<p><strong>SEGURO<\/strong><\/p>\n<!-- \/wp:paragraph -->\n\n<!-- wp:paragraph -->\n<p>Aseguramos cada compra durante el tiempo que est\u00e9 en tr\u00e1nsito hasta la entrega.<\/p>\n<!-- \/wp:paragraph -->\n\n<!-- wp:paragraph -->\n<p><strong>IMPUESTOS \/ DERECHOS DE ADUANA<\/strong><\/p>\n<!-- \/wp:paragraph -->\n\n<!-- wp:paragraph -->\n<p>Es posible que en su pa\u00eds se apliquen impuestos locales y\/o derechos de aduana y que el destinatario del paquete tenga que pagarlos como parte del despacho de aduana.<br><\/p>\n<!-- \/wp:paragraph -->\n\n<!-- wp:paragraph -->\n<p>Es posible que tenga que pagar impuestos directamente a las autoridades fiscales estatales y\/o locales de su pa\u00eds por cualquier compra de art\u00edculos sujetos a impuestos, Los art\u00edculos internacionales pueden estar sujetos a la tramitaci\u00f3n aduanera y a las leyes locales que pueden variar en cada pa\u00eds. Para m\u00e1s informaci\u00f3n, le recomendamos que consulte con su asesor fiscal y aduanero. Todos los impuestos locales, el papeleo de importaci\u00f3n, los derechos de aduana y los gastos relacionados con ellos que puedan aplicarse en el pa\u00eds de entrega, son responsabilidad exclusiva del cliente.<\/p>\n<!-- \/wp:paragraph -->\t\t\t\t\t\t<\/div>\n\t\t\t\t<\/div>\n\t\t\t\t\t<\/div>\n\t\t<\/div>\n\t\t\t\t\t\t\t<\/div>\n\t\t<\/section>\n\t\t\t\t\t\t\t<\/div>\n\t\t","protected":false},"excerpt":{"rendered":"<p>ENTREGA GRATUITA EN TODO EL MUNDO Nuestra reputaci\u00f3n se basa en la calidad. Fabricamos el mejor producto, ofrecemos el mejor<\/p>\n<p><a href=\"https:\/\/chalecosblindados.com.mx\/index.php\/envios\/\" class=\"more-link\">Continue reading<span class=\"screen-reader-text\">Envios<\/span><\/a><\/p>\n","protected":false},"author":1,"featured_media":0,"parent":0,"menu_order":0,"comment_status":"closed","ping_status":"closed","template":"","meta":[],"_links":{"self":[{"href":"https:\/\/chalecosblindados.com.mx\/index.php\/wp-json\/wp\/v2\/pages\/451"}],"collection":[{"href":"https:\/\/chalecosblindados.com.mx\/index.php\/wp-json\/wp\/v2\/pages"}],"about":[{"href":"https:\/\/chalecosblindados.com.mx\/index.php\/wp-json\/wp\/v2\/types\/page"}],"author":[{"embeddable":true,"href":"https:\/\/chalecosblindados.com.mx\/index.php\/wp-json\/wp\/v2\/users\/1"}],"replies":[{"embeddable":true,"href":"https:\/\/chalecosblindados.com.mx\/index.php\/wp-json\/wp\/v2\/comments?post=451"}],"version-history":[{"count":10,"href":"https:\/\/chalecosblindados.com.mx\/index.php\/wp-json\/wp\/v2\/pages\/451\/revisions"}],"predecessor-version":[{"id":2237,"href":"https:\/\/chalecosblindados.com.mx\/index.php\/wp-json\/wp\/v2\/pages\/451\/revisions\/2237"}],"wp:attachment":[{"href":"https:\/\/chalecosblindados.com.mx\/index.php\/wp-json\/wp\/v2\/media?parent=451"}],"curies":[{"name":"wp","href":"https:\/\/api.w.org\/{rel}","templated":true}]}}